{"id":55,"date":"2007-06-25T15:22:38","date_gmt":"2007-06-25T13:22:38","guid":{"rendered":"http:\/\/www.budo-do-tameshi.de\/cms\/?page_id=55"},"modified":"2023-12-18T17:32:45","modified_gmt":"2023-12-18T16:32:45","slug":"peter-harbrecht","status":"publish","type":"page","link":"https:\/\/www.budo-do-tameshi.de\/cms\/archiv\/portraits\/peter-harbrecht\/","title":{"rendered":"Peter Harbrecht"},"content":{"rendered":"<h3>PETER HARBRECHT eine Kickbox Legende<br \/>\nErster WAKO Weltmeister im Vollkontakt<\/h3>\n<p>Peter Harbrecht erzielte seine Erfolge durch einen kompromisslosen und technisch brillanten Kampfstil, der gepaart war mit einer ungeheuren Schlagkraft in F\u00e4usten und F\u00fc\u00dfen.<\/p>\n<p>Mit harten Kombinationen, eisernem Willen, gro\u00dfer Disziplin, ja fast mathematischer Pr\u00e4zision, Logik und \u00c4sthetik dominierte er das Kampfgeschehen von 1977 bis 1979.<\/p>\n<p>Seine sportliche Bilanz ist \u00e4u\u00dferst beeindruckend, vor allem wenn man bedenkt, dass er sich mit nur 22 Jahren vom aktiven Kampfsport zur\u00fcckgezogen hat.<\/p>\n<p><img loading=\"lazy\" decoding=\"async\" style=\"width: 270px; height: 270px;\" title=\"ph_02.jpg\" src=\"http:\/\/www.budo-do-tameshi.de\/cms\/wp-content\/uploads\/2007\/07\/ph_02.jpg\" alt=\"ph_02.jpg\" width=\"270\" height=\"270\" \/><img loading=\"lazy\" decoding=\"async\" style=\"width: 270px; height: 270px;\" title=\"ph_03.jpg\" src=\"http:\/\/www.budo-do-tameshi.de\/cms\/wp-content\/uploads\/2007\/07\/ph_03.jpg\" alt=\"ph_03.jpg\" width=\"270\" height=\"270\" \/><code>Kamptraining im Budo-Do-Tameshi (1975)<\/code> <code>Trainingslager vor der WM (1977)<\/code><\/p>\n<p>Es begann im Fr\u00fchjahr 1973, Peter Harbrecht wurde von seinem Bruder Hans zum Karate Training im Darmst\u00e4dter Verein Budo-Do-Tameshi mitgenommen. Sein erster Trainer hier war Jimmy Iwinski. Nach nur zwei Jahren stellten sich die ersten Wettkampferfolge ein.<\/p>\n<p>Gro\u00dfen Anteil daran hatte sein Bruder Hans, der als Diplomsportlehrer ein systematisches, auf wissenschaftlichen Erkenntnissen basierendes Trainingskonzept f\u00fcr Peter zusammenstellte. Von diesem Training profitierten sp\u00e4ter auch andere deutsche Spitzenk\u00e4mpfer, als Hans Bundestrainer wurde.<\/p>\n<p>Teile dieser Konzepte hat der heutige 1. Vorsitzende der WAKO und LK Bundestrainer Peter Zaar in sein hervorragendes Kickbox Lehrbuch einflie\u00dfen lassen.<\/p>\n<p>Vom traditionellen Karate \u00fcber das Semikontakt kam Peter schlie\u00dflich zum Vollkontakt-Karate, wie es zur damaligen Zeit hie\u00df. Anlass zu diesem Wechsel war eine \u00e4u\u00dferst umstrittene Niederlage im Semikontakt gegen den alten belgischen Fuchs Geert Lemmens.<\/p>\n<p>Peter f\u00fchrte durch seinen selbstbewussten und technisch brillanten Kampfstil sehr schnell mit 7:0. Dabei wirbelte er Lemmens mit dessen Spezialtechnik dem Fu\u00dffeger mehrfach durch die Luft. Zum Ende des Kampfes konnte Lemmens jedoch noch durch \u00e4u\u00dferst fragw\u00fcrdige Punktentscheidungen mit 7:8 gewinnen.<\/p>\n<p>Den Wechsel zum Vollkontakt begr\u00fcndete Peter Harbrecht so: Hier kann man sein K\u00f6nnen zeigen, ohne dass die Launen von Punktrichtern so gro\u00dfen Einfluss auf das Resultat haben. Besonders, wenn man durch K.O. gewinnt.<\/p>\n<p>Nach diesem Prinzip gestaltete er seine K\u00e4mpfe im Vollkontakt. Wenn er sie nicht durch K.O. gewann, war seine \u00dcberlegenheit so klar, dass kein Zweifel an seinem Sieg aufkommen konnte. Der schnellste K.O. gelang ihm mit einem Halbkreiskick zum Kopf bei der Europameisterschaft 1978, gegen den Schweden Bo Lind in nur 6 Sekunden, obwohl dieser die Deckung am Kopf hatte.<\/p>\n<p>Peter Harbrecht blieb in den 50 K\u00e4mpfen seiner Laufbahn unbesiegt.<\/p>\n<p>Er wurde im Halb-Mittelgewicht bis 74 Kg 3x Deutscher Meister, 3x Europameister und 1x Weltmeister. Das war 1978 in Berlin. In der Deutschlandhalle vor einer gro\u00dfen Kulisse von 8000 begeisterten Zuschauern fand die 1. Weltmeisterschaft der WAKO statt.<\/p>\n<p>Verantwortlich f\u00fcr diese erfolgreiche Veranstaltung waren Georg F. Br\u00fcckner und der damalige Weltpr\u00e4sident Mike Andersen. Peter Harbrecht besiegte in einem grandiosen Kampf den Amerikaner Harold Roth, der in der 2. Runde nur knapp einem K.O. entging.<\/p>\n<p><img decoding=\"async\" src=\"http:\/\/www.budo-do-tameshi.de\/cms\/wp-content\/uploads\/2007\/07\/ph_05.jpg\" alt=\"ph_05.jpg\" \/> <img decoding=\"async\" src=\"http:\/\/www.budo-do-tameshi.de\/cms\/wp-content\/uploads\/2007\/07\/ph_06.jpg\" alt=\"ph_06.jpg\" \/><code>Vorkampf WM (1978)<\/code> <code>Finale WM (1978)<\/code><\/p>\n<p><img decoding=\"async\" src=\"http:\/\/www.budo-do-tameshi.de\/cms\/wp-content\/uploads\/2007\/07\/ph_08.jpg\" alt=\"ph_08.jpg\" \/> <img decoding=\"async\" src=\"http:\/\/www.budo-do-tameshi.de\/cms\/wp-content\/uploads\/2007\/07\/ph_07.jpg\" alt=\"ph_07.jpg\" \/><br \/>\n<code>Finale WM (1978)<\/code> <code>Finale WM (1978)<\/code><\/p>\n<p>Nach dem Gewinn des 3. Deutschen Meistertitels 1978, den er trotz Tr\u00fcmmerbruch am rechten Daumen gewann, beendete Peter mit 22 Jahren zu Gunsten seiner beruflichen Laufbahn seine einzigartige sportliche Karriere.<\/p>\n<p>Mit der Konsequenz die ihm im Sport zu eigen war, hat er sich im Laufe der Jahre bei Mercedes Benz vom Automechaniker in die F\u00fchrungsebene vorgearbeitet.<\/p>\n<p>Er ist heute Kaufm\u00e4nnischer Leiter und Personalchef f\u00fcr die Niederlassung der Mercedes Benz Vertriebsorganisation in Stuttgart, sowie verantwortlich f\u00fcr 14 Betriebe und 1150 Mitarbeiter.<\/p>\n<p><img loading=\"lazy\" decoding=\"async\" style=\"width: 270px; height: 270px;\" title=\"ph_01.jpg\" src=\"http:\/\/www.budo-do-tameshi.de\/cms\/wp-content\/uploads\/2007\/07\/ph_01.jpg\" alt=\"ph_01.jpg\" width=\"270\" height=\"270\" \/> <img loading=\"lazy\" decoding=\"async\" style=\"width: 270px; height: 270px;\" title=\"ph_04.jpg\" src=\"http:\/\/www.budo-do-tameshi.de\/cms\/wp-content\/uploads\/2007\/07\/ph_04.jpg\" alt=\"ph_04.jpg\" width=\"270\" height=\"270\" \/> <code>Immer noch fit (2000)<\/code> <code>Peter heute als Chef (2003)<\/code><\/p>\n<p>Dem Kampfsport ist Peter Harbrecht treu geblieben. Er hat im Laufe der Jahre sein Repertoire an Kampftechniken immer wieder weiterentwickelt und ver\u00e4ndert.<\/p>\n<p>Trotz einiger gesundheitlicher Probleme trainiert er wenn es seine Zeit zul\u00e4sst immer noch in seinem alten Verein Budo-Do-Tameshi in Darmstadt.<\/p>\n","protected":false},"excerpt":{"rendered":"<p>PETER HARBRECHT eine Kickbox Legende Erster WAKO Weltmeister im Vollkontakt Peter Harbrecht erzielte seine Erfolge durch einen kompromisslosen und technisch brillanten Kampfstil, der gepaart war mit einer ungeheuren Schlagkraft in F\u00e4usten und F\u00fc\u00dfen. Mit harten Kombinationen, eisernem Willen, gro\u00dfer Disziplin, ja fast mathematischer Pr\u00e4zision, Logik und \u00c4sthetik dominierte er das Kampfgeschehen von 1977 bis 1979. [&hellip;]<\/p>\n","protected":false},"author":2,"featured_media":0,"parent":54,"menu_order":0,"comment_status":"open","ping_status":"open","template":"","meta":{"footnotes":""},"class_list":["post-55","page","type-page","status-publish","hentry"],"_links":{"self":[{"href":"https:\/\/www.budo-do-tameshi.de\/cms\/wp-json\/wp\/v2\/pages\/55","targetHints":{"allow":["GET"]}}],"collection":[{"href":"https:\/\/www.budo-do-tameshi.de\/cms\/wp-json\/wp\/v2\/pages"}],"about":[{"href":"https:\/\/www.budo-do-tameshi.de\/cms\/wp-json\/wp\/v2\/types\/page"}],"author":[{"embeddable":true,"href":"https:\/\/www.budo-do-tameshi.de\/cms\/wp-json\/wp\/v2\/users\/2"}],"replies":[{"embeddable":true,"href":"https:\/\/www.budo-do-tameshi.de\/cms\/wp-json\/wp\/v2\/comments?post=55"}],"version-history":[{"count":1,"href":"https:\/\/www.budo-do-tameshi.de\/cms\/wp-json\/wp\/v2\/pages\/55\/revisions"}],"predecessor-version":[{"id":8011,"href":"https:\/\/www.budo-do-tameshi.de\/cms\/wp-json\/wp\/v2\/pages\/55\/revisions\/8011"}],"up":[{"embeddable":true,"href":"https:\/\/www.budo-do-tameshi.de\/cms\/wp-json\/wp\/v2\/pages\/54"}],"wp:attachment":[{"href":"https:\/\/www.budo-do-tameshi.de\/cms\/wp-json\/wp\/v2\/media?parent=55"}],"curies":[{"name":"wp","href":"https:\/\/api.w.org\/{rel}","templated":true}]}}