{"id":352,"date":"2007-08-25T16:05:59","date_gmt":"2007-08-25T14:05:59","guid":{"rendered":"http:\/\/www.budo-do-tameshi.de\/cms\/?page_id=352"},"modified":"2023-12-18T17:30:51","modified_gmt":"2023-12-18T16:30:51","slug":"jessica-heymann","status":"publish","type":"page","link":"https:\/\/www.budo-do-tameshi.de\/cms\/archiv\/portraits\/jessica-heymann\/","title":{"rendered":"Jessica Heymann"},"content":{"rendered":"<h3>Jessica Heymann ohne Flei\u00df kein Preis<\/h3>\n<p><img decoding=\"async\" title=\"jessicakampfstellung1.jpg\" src=\"http:\/\/www.budo-do-tameshi.de\/cms\/wp-content\/uploads\/2007\/08\/jessicakampfstellung1.jpg\" alt=\"jessicakampfstellung1.jpg\" align=\"right\" hspace=\"5\" \/><\/p>\n<p>Mit drei Geschwistern lernt man schon fr\u00fch sich zu behaupten und durch zu Boxen. Also<\/p>\n<p>keine schlechten Voraussetzungen im Kampfsport erfolgreich zu sein. Nach dem Abitur machte Jessica zun\u00e4chst eine Ausbildung als IT-Assistentin und arbeitete heute nach erfolgreichem Studium als Informatikerin.<\/p>\n<p>Als sie 2002 zum ersten Probetraining zum Budo-Do-Tameshi kam, ging es ihr zun\u00e4chst um die Fitness. Sie fand gro\u00dfen Spa\u00df an den vielseitigen Anforderungen des Kickboxens. Schnell reizte Jessica auch das Kampftraining und nach einem Jahr stand f\u00fcr sie fest: Ich will K\u00e4mpfen. Um dieses Ziel zu erreichen investierte Jessica von Anfang an den gr\u00f6\u00dften Teil ihrer Freizeit f\u00fcr Training und Wettkampf. Erste Erfolge stellten sich sehr schnell ein und als sie bei ihrer ersten Deutschen Meisterschaft auf Anhieb Bronze gewann, war f\u00fcr sie klar: Kickboxen ist mein Sport.<\/p>\n<p>Sie ist ehrgeizig, zielstrebig und trainierte sehr hart um nicht nur national sondern auch international erfolgreich zu sein. Seit 2004 geh\u00f6rt sie zum Kader der Leichtkontakt Nationalmannschaft. An ihren Niederlagen ist sie gereift und auch Verletzungen konnten sie nicht aus dem Konzept bringen. Konsequent und mit eiserner Disziplin (ein bis zwei Trainingseinheiten am Tag) hat sie \u00fcber Jahre ihre sportlichen Ziele verfolgt.<\/p>\n<p>Inzwischen geh\u00f6rt Jessica nicht nur im Leichtkontakt sondern auch im Low Kick und Vollkontakt zum Deutschen Nationalteam. Sie wurde mehrfach in allen 3 Disziplinen Deutsche und Internationale Deutsche Meisterin. 2007 gewann sie im LK den Weltcup in \u00d6sterreich und 2013 war es endlich so weit. Bei der WM im Low Kick in Brasilien war es noch ein 5. Platz, aber bei der WM in Antalya konnte sie sich ihren gro\u00dfen Traum, f\u00fcr den sie so hart gearbeitet hat, erf\u00fcllen. Jessica wurde unter frenetischen Anfeuerungen des deutschen Teams, verdient und \u00fcber gl\u00fccklich Weltmeisterin im Vollkontakt.<\/p>\n<p>Man soll aufh\u00f6ren wenn es am sch\u00f6nsten ist sagt Jessica mit Blick auf den aktiven Wettkampfsport. Sie ist aber weiter aktiv und hat Standesgem\u00e4\u00df 2014 erfolgreich die Schwarzgurtpr\u00fcfung zum 1.Dan abgelegt.<\/p>\n<p>Zus\u00e4tzlich bleibt uns Jessica als Kampfrichterin und Trainerin erhalten.<\/p>\n<p><img decoding=\"async\" src=\"http:\/\/www.budo-do-tameshi.de\/cms\/wp-content\/uploads\/2007\/08\/germanopen06jessicamundschutz.jpg\" alt=\"germanopen06jessicamundschutz.jpg\" \/> <img decoding=\"async\" src=\"http:\/\/www.budo-do-tameshi.de\/cms\/wp-content\/uploads\/2007\/08\/germanopen06jessicapokal.jpg\" alt=\"germanopen06jessicapokal.jpg\" \/><br \/>\n<code>Volle Konzentration<\/code><code>German Open 2006 (v.l.) Vizepr\u00e4sident Michael W\u00fcpke, Jessica und Jimmy<\/code><\/p>\n<p><img decoding=\"async\" title=\"germanopen06jessicafaust.jpg\" src=\"http:\/\/www.budo-do-tameshi.de\/cms\/wp-content\/uploads\/2007\/08\/germanopen06jessicafaust.jpg\" alt=\"germanopen06jessicafaust.jpg\" width=\"560\" \/><span class=\"bildunterschrift\"><br \/>\nJessica (rechts) gegen Vizeweltmeisterin Christina Mc Mahon aus Irland<\/span><\/p>\n<p><img decoding=\"async\" src=\"http:\/\/www.budo-do-tameshi.de\/cms\/wp-content\/uploads\/2007\/08\/img_0424_2.JPG\" alt=\"img_0424_2.JPG\" \/> <img decoding=\"async\" src=\"http:\/\/www.budo-do-tameshi.de\/cms\/wp-content\/uploads\/2007\/08\/img_04241.JPG\" alt=\"img_04241.JPG\" \/><br \/>\n<code>Hessenmeisterschaft 2007<br \/>\nJessica trifft mit Frontkick<\/code><code>Deutsche Meisterschaft 2007<br \/>\nJessica (links) dominiert<\/code><\/p>\n<p><img decoding=\"async\" src=\"http:\/\/www.budo-do-tameshi.de\/cms\/wp-content\/uploads\/2007\/08\/30jahrebdtjessicaaktion2005.jpg\" alt=\"30jahrebdtjessicaaktion2005.jpg\" \/><span class=\"bildunterschrift\"><br \/>\nTraining 2005<br \/>\n<img decoding=\"async\" src=\"http:\/\/www.budo-do-tameshi.de\/cms\/wp-content\/uploads\/2007\/08\/austrianclassics07siegergurtel.jpg\" alt=\"austrianclassics07siegergurtel.jpg\" \/> <img decoding=\"async\" src=\"http:\/\/www.budo-do-tameshi.de\/cms\/wp-content\/uploads\/2007\/08\/jessicahalbkreistritt.jpg\" alt=\"jessicahalbkreistritt.jpg\" \/><br \/>\n<code>Austrian Classics 2007<\/code><code>Roundkick<\/code><\/span><\/p>\n<p><strong>Erfolge:<\/strong><\/p>\n<p><em>Hessenmeisterschaft<br \/>\n<\/em>1.Platz LC 2004<br \/>\n1.Platz LC 2005<br \/>\n1.Platz LC 2006<br \/>\n1.Platz LC 2007<br \/>\n1.Platz LC 2008<\/p>\n<p><em>German Open<br \/>\n<\/em>2. Platz LC 2005<br \/>\n3. Platz LC 2006<br \/>\n2. Platz LC 2008<br \/>\n1. Platz LC 2011<br \/>\n1. Platz VK 2012<br \/>\n1. Platz VK 2013<br \/>\n1. Platz Low Kick 2013<\/p>\n<p><em>Deutsche Meisterschaft<\/em><br \/>\n3. Platz LC 2004<br \/>\n3. Platz LC 2005<br \/>\n3. Platz LC 2006<br \/>\n1. Platz LC 2007<br \/>\n2. Platz LC 2008<br \/>\n2. Platz LC 2009<br \/>\n1. Platz VK 2012<br \/>\n1. Platz VK 2013<br \/>\n1. Platz Low Kick 2013<\/p>\n<p><em>Deutschland Pokal<br \/>\n<\/em>3. Platz LC 2005<br \/>\n2. Platz LC 2007<br \/>\n1. Platz LC 2008<br \/>\n1. Platz VK 2008<br \/>\n2. Platz LC 2010<\/p>\n<p><em>Austrian Classics<br \/>\n<\/em> 1. Platz LC 2007<br \/>\n2. Platz LC 2011<\/p>\n<p><em>WM<br \/>\n<\/em>5. Platz LC 2007<br \/>\n5. Platz Low Kick 2013<br \/>\n1. Platz VK 2013<\/p>\n<p>&nbsp;<\/p>\n<p>&nbsp;<\/p>\n","protected":false},"excerpt":{"rendered":"<p>Jessica Heymann ohne Flei\u00df kein Preis Mit drei Geschwistern lernt man schon fr\u00fch sich zu behaupten und durch zu Boxen. Also keine schlechten Voraussetzungen im Kampfsport erfolgreich zu sein. Nach dem Abitur machte Jessica zun\u00e4chst eine Ausbildung als IT-Assistentin und arbeitete heute nach erfolgreichem Studium als Informatikerin. Als sie 2002 zum ersten Probetraining zum Budo-Do-Tameshi [&hellip;]<\/p>\n","protected":false},"author":2,"featured_media":0,"parent":54,"menu_order":0,"comment_status":"open","ping_status":"open","template":"","meta":{"footnotes":""},"class_list":["post-352","page","type-page","status-publish","hentry"],"_links":{"self":[{"href":"https:\/\/www.budo-do-tameshi.de\/cms\/wp-json\/wp\/v2\/pages\/352","targetHints":{"allow":["GET"]}}],"collection":[{"href":"https:\/\/www.budo-do-tameshi.de\/cms\/wp-json\/wp\/v2\/pages"}],"about":[{"href":"https:\/\/www.budo-do-tameshi.de\/cms\/wp-json\/wp\/v2\/types\/page"}],"author":[{"embeddable":true,"href":"https:\/\/www.budo-do-tameshi.de\/cms\/wp-json\/wp\/v2\/users\/2"}],"replies":[{"embeddable":true,"href":"https:\/\/www.budo-do-tameshi.de\/cms\/wp-json\/wp\/v2\/comments?post=352"}],"version-history":[{"count":15,"href":"https:\/\/www.budo-do-tameshi.de\/cms\/wp-json\/wp\/v2\/pages\/352\/revisions"}],"predecessor-version":[{"id":8010,"href":"https:\/\/www.budo-do-tameshi.de\/cms\/wp-json\/wp\/v2\/pages\/352\/revisions\/8010"}],"up":[{"embeddable":true,"href":"https:\/\/www.budo-do-tameshi.de\/cms\/wp-json\/wp\/v2\/pages\/54"}],"wp:attachment":[{"href":"https:\/\/www.budo-do-tameshi.de\/cms\/wp-json\/wp\/v2\/media?parent=352"}],"curies":[{"name":"wp","href":"https:\/\/api.w.org\/{rel}","templated":true}]}}