{"id":135,"date":"2007-07-31T12:15:25","date_gmt":"2007-07-31T10:15:25","guid":{"rendered":"http:\/\/www.budo-do-tameshi.de\/cms\/?page_id=135"},"modified":"2023-12-18T17:23:05","modified_gmt":"2023-12-18T16:23:05","slug":"jimmy-iwinski","status":"publish","type":"page","link":"https:\/\/www.budo-do-tameshi.de\/cms\/archiv\/portraits\/jimmy-iwinski\/","title":{"rendered":"Jimmy Iwinski"},"content":{"rendered":"<h3>JIMMY IWINSKI KAMPFSPORTLER AUS LEIDENSCHAFT<\/h3>\n<p><img decoding=\"async\" title=\"jimmyi.jpg\" src=\"http:\/\/www.budo-do-tameshi.de\/cms\/wp-content\/uploads\/2007\/08\/jimmyi.jpg\" alt=\"jimmyi.jpg\" align=\"right\" hspace=\"10\" \/>Als er 1970 mit Karate begann steckte der Kampfsport noch in den Kinderschuhen.<\/p>\n<p>Es war zun\u00e4chst nur eine kleine Gruppe von Sportenthusiasten die diese, damals noch sehr exotischen Kampfsportart betrieben.<\/p>\n<p>Von Anfang an war Jimmy mit Begeisterung beim Training und bestritt schon im gleichen Jahr seine ersten Wettk\u00e4mpfe.<\/p>\n<p>So wild wie sein Aussehen (Jimi Hendrix l\u00e4\u00dft gr\u00fc\u00dfen) war auch sein Kampfstil, immer nach dem Motto Sieg oder Disqualifikation.<br \/>\nNach 3. und 4. Pl\u00e4tzen wurde er 1974 zum ersten Mal Hessenmeister. Bis zum Ende seiner aktiven Laufbahn 1985 war er das 10 mal. Hinzu kamen verschiedene Nationale Titel mit der Mannschaft und im Einzel.<\/p>\n<p><img decoding=\"async\" title=\"jimmy_frontkick.jpg\" src=\"http:\/\/www.budo-do-tameshi.de\/cms\/wp-content\/uploads\/2007\/08\/jimmy_frontkick.jpg\" alt=\"jimmy_frontkick.jpg\" width=\"270\" \/> <img decoding=\"async\" title=\"jimmy_frontkick2.jpg\" src=\"http:\/\/www.budo-do-tameshi.de\/cms\/wp-content\/uploads\/2007\/08\/jimmy_frontkick2.jpg\" alt=\"jimmy_frontkick2.jpg\" width=\"270\" \/> <code>Schuhgr\u00f6\u00dfe 43 (1974)<\/code> <code>Immer noch Schuhgr\u00f6\u00dfe 43 aber inzwischen neuer Fris\u00f6r<\/code><\/p>\n<p>Ein 1977 viel beachtetes Ereignis war die Begegnung der Hessenauswahl gegen die Nationalmannschaft, den damaligen Mannschafts Vizeweltmeister. Jimmy hatte das schwerste Los gegen den Kapit\u00e4n Michael Degen.<\/p>\n<p><img loading=\"lazy\" decoding=\"async\" title=\"jimmy2.jpg\" src=\"http:\/\/www.budo-do-tameshi.de\/cms\/wp-content\/uploads\/2007\/08\/jimmy2.jpg\" alt=\"jimmy2.jpg\" width=\"270\" height=\"385\" \/> <img loading=\"lazy\" decoding=\"async\" title=\"jimmy3.jpg\" src=\"http:\/\/www.budo-do-tameshi.de\/cms\/wp-content\/uploads\/2007\/08\/jimmy3.jpg\" alt=\"jimmy3.jpg\" width=\"270\" height=\"385\" \/> <code>Sieg Hessenmeisterschaft (1974)<\/code> <code>Sieg Deutscher L\u00e4nder-Pokalmeister (1976)<\/code><\/p>\n<p>Es war der letzte Kampf der Begegnung. Die Hessenauswahl f\u00fchrte knapp in der Unterbewertung. Jimmy durfte nicht verlieren. Der Kampf war sehr spannend und dramatisch. Die F\u00fchrung wechselte immer wieder, zum Schluss endete er mit einem gerechten Unentschieden und die Nationalmannschaft war geschlagen.<\/p>\n<p><img loading=\"lazy\" decoding=\"async\" title=\"jimmy_01.jpg\" src=\"http:\/\/www.budo-do-tameshi.de\/cms\/wp-content\/uploads\/2007\/08\/jimmy_01.jpg\" alt=\"jimmy_01.jpg\" width=\"270\" height=\"300\" \/> <img loading=\"lazy\" decoding=\"async\" title=\"jimmy_02.jpg\" src=\"http:\/\/www.budo-do-tameshi.de\/cms\/wp-content\/uploads\/2007\/08\/jimmy_02.jpg\" alt=\"jimmy_02.jpg\" width=\"270\" height=\"300\" \/> <code>Sieg bei der Hessenmeisterschaft (letzter Wettkampf 1985)<\/code> <code>Sieg gegen den Deutschen Mannschaftsmeister\/Stuttgart (1976)<\/code><\/p>\n<p>Neben den Wettk\u00e4mpfen engagierte sich Jimmy Iwinski schon sehr fr\u00fch im Verein. Er war Mitbegr\u00fcnder des Budo-Do-Tameshi, 2. Vorsitzender und sp\u00e4ter 1. Vorsitzender sowie von 1973 an Trainer.<\/p>\n<p>Im Laufe der Jahre hat er viele 100 Sportler ausgebildet und trainiert, die ihrerseits wieder neue Vereine gegr\u00fcndet haben und eigene Sch\u00fcler trainieren.<\/p>\n<p>Jimmy ist heute genauso aktiv wie eh und je. Neben seiner Arbeit f\u00fcr den Verein engagiert er sich im Hessischen Kickbox Verband als LC Landestrainer. Bis 2012 geh\u00f6rte er zum Trainerteam von Bundestrainer Peter Zaar.<\/p>\n<p><img decoding=\"async\" title=\"wwwportrait_jimmy2.jpg\" src=\"http:\/\/www.budo-do-tameshi.de\/cms\/wp-content\/uploads\/2007\/08\/wwwportrait_jimmy2.jpg\" alt=\"wwwportrait_jimmy2.jpg\" width=\"270\" \/> <img loading=\"lazy\" decoding=\"async\" title=\"wwwportrait_jimmy_axt.jpg\" src=\"http:\/\/www.budo-do-tameshi.de\/cms\/wp-content\/uploads\/2007\/08\/wwwportrait_jimmy_axt.jpg\" alt=\"wwwportrait_jimmy_axt.jpg\" width=\"200\" height=\"455\" \/><code>Foto oben: Sieg Hessenmeisterschaft 1982<br \/>\nFoto unten: Training 2005<\/code><code>Training 2005<\/code><br \/>\nSeit 2005 ist er als Lehrwart verantwortlich f\u00fcr die Trainerausbildung im HKBV und von 2004 &#8211; 2014 war er Vizepr\u00e4sident des Verbandes. Durch sein Ehrenamtliches Engagement auf Landes- und Bundesebene konnten in den letzten Jahren eine ganze Reihe von wegweisenden Innovationen f\u00fcr den Verband angeregt und umgesetzt werden.<br \/>\nIm Jahr 2012 verlieh die Darmst\u00e4dter Sportstiftung Jimmy, als erstem Kampfsportler, f\u00fcr seine langj\u00e4hrige vorbildliche Trainingsarbeit im Kinder- und Jugendbereich den Siegfried-Schmitt-Preis f\u00fcr Kindgerechtes Training im Sport. 2014 folgte die Ehrenauszeichnung des Hessischen Kickbox Verbandes f\u00fcr besondere Leistungen im Hessischen Kickbox Sport.<br \/>\nEr ist Buchautor von &#8222;KICKBOXEN &#8211; <em>mehr als ein Kampfsport&#8220;,<\/em> Inhaber der DOSB-Trainer A Lizenz Leistungssport und momentan Tr\u00e4ger des 6. DAN im Kickboxen.<br \/>\nIm September 2021 wurde Jimmy vom Pr\u00e4sidium der WAKO Deutschland zum Funktionstrainer Aus- und Fortbildung berufen. Eine seiner ersten Amtshandlungen war die \u00dcberarbeitung und Standardisierung der aktuellen Trainerausbildung &#8211; von der Organisation, der Umsetzung, bis hin zur Dokumentation. Das Resultat der Arbeit ist ein umfangreicher Ausbildungskatalog mit entsprechenden Dokumenten, Lehrmitteln, Arbeitsbl\u00e4ttern und Skripten.<\/p>\n","protected":false},"excerpt":{"rendered":"<p>JIMMY IWINSKI KAMPFSPORTLER AUS LEIDENSCHAFT Als er 1970 mit Karate begann steckte der Kampfsport noch in den Kinderschuhen. Es war zun\u00e4chst nur eine kleine Gruppe von Sportenthusiasten die diese, damals noch sehr exotischen Kampfsportart betrieben. Von Anfang an war Jimmy mit Begeisterung beim Training und bestritt schon im gleichen Jahr seine ersten Wettk\u00e4mpfe. So wild [&hellip;]<\/p>\n","protected":false},"author":2,"featured_media":0,"parent":54,"menu_order":0,"comment_status":"open","ping_status":"open","template":"","meta":{"footnotes":""},"class_list":["post-135","page","type-page","status-publish","hentry"],"_links":{"self":[{"href":"https:\/\/www.budo-do-tameshi.de\/cms\/wp-json\/wp\/v2\/pages\/135","targetHints":{"allow":["GET"]}}],"collection":[{"href":"https:\/\/www.budo-do-tameshi.de\/cms\/wp-json\/wp\/v2\/pages"}],"about":[{"href":"https:\/\/www.budo-do-tameshi.de\/cms\/wp-json\/wp\/v2\/types\/page"}],"author":[{"embeddable":true,"href":"https:\/\/www.budo-do-tameshi.de\/cms\/wp-json\/wp\/v2\/users\/2"}],"replies":[{"embeddable":true,"href":"https:\/\/www.budo-do-tameshi.de\/cms\/wp-json\/wp\/v2\/comments?post=135"}],"version-history":[{"count":12,"href":"https:\/\/www.budo-do-tameshi.de\/cms\/wp-json\/wp\/v2\/pages\/135\/revisions"}],"predecessor-version":[{"id":8008,"href":"https:\/\/www.budo-do-tameshi.de\/cms\/wp-json\/wp\/v2\/pages\/135\/revisions\/8008"}],"up":[{"embeddable":true,"href":"https:\/\/www.budo-do-tameshi.de\/cms\/wp-json\/wp\/v2\/pages\/54"}],"wp:attachment":[{"href":"https:\/\/www.budo-do-tameshi.de\/cms\/wp-json\/wp\/v2\/media?parent=135"}],"curies":[{"name":"wp","href":"https:\/\/api.w.org\/{rel}","templated":true}]}}