{"id":134,"date":"2007-07-31T12:15:11","date_gmt":"2007-07-31T10:15:11","guid":{"rendered":"http:\/\/www.budo-do-tameshi.de\/cms\/?page_id=134"},"modified":"2007-08-04T20:53:32","modified_gmt":"2007-08-04T18:53:32","slug":"maike-golzenleuchter-und-dirk-kindl","status":"publish","type":"page","link":"https:\/\/www.budo-do-tameshi.de\/cms\/archiv\/portraits\/maike-golzenleuchter-und-dirk-kindl\/","title":{"rendered":"Maike G\u00f6lzenleuchter und Dirk Kindl"},"content":{"rendered":"<h3>KICKBOX PAAR DER INTERNATIONALEN SPITZENKLASSE<br \/>\nMaike G\u00f6lzenleuchter + Dirk Kindl<\/h3>\n<p>2001 konnten wir uns mit Maike und Dirk hochkar\u00e4tig verst\u00e4rken. Sie waren mit ihrer internationalen Wettkampferfahrung f\u00fcr den Verein eine gro\u00dfe Bereicherung.<\/p>\n<p><img decoding=\"async\" src=\"http:\/\/www.budo-do-tameshi.de\/cms\/wp-content\/uploads\/2007\/08\/mg.jpg\" alt=\"mg.jpg\" \/> <img decoding=\"async\" src=\"http:\/\/www.budo-do-tameshi.de\/cms\/wp-content\/uploads\/2007\/08\/dk.jpg\" alt=\"dk.jpg\" \/><\/p>\n<p>Beide z\u00e4hlen im Kickboxen zur internationalen Spitzenklasse, auch wenn Dirk inzwischen seine aktive Laufbahn als K\u00e4mpfer beendet hat, er bleibt dem Sport aber als engagierter Trainer erhalten. W\u00e4hrend Maike erst mit 26 Jahren den Weg zum Kickboxen fand, begann der Kontakt zum Kampfsport bei Dirk mit 12 Jahren beim Ho Sin Do Karate Verein in Melsungen. Ho Sin Do ist ein Kampfsport System das seine Wurzeln in Korea hat und stark dem Teakwon-Do \u00e4hnelt. Sein Trainer war J\u00fcrgen Pschibul (4.Dan).<\/p>\n<p><img decoding=\"async\" src=\"http:\/\/www.budo-do-tameshi.de\/cms\/wp-content\/uploads\/2007\/08\/mg_1.jpg\" alt=\"mg_1.jpg\" \/> <img decoding=\"async\" src=\"http:\/\/www.budo-do-tameshi.de\/cms\/wp-content\/uploads\/2007\/08\/dk_1.jpg\" alt=\"dk_1.jpg\" \/><\/p>\n<p>Seine ersten Wettkampf Erfolge hatte Dirk zun\u00e4chst im Semikontakt. Beim Studium der Wirtschaftswissenschaften in Kassel lernte er Nationalk\u00e4mpfer der ITF (International Teakwon-Do Ferderation) kennen, mit denen er gemeinsam trainierte und auf Turnieren k\u00e4mpfte. Hier vollzog sich sein Wechsel vom Semi \u00e2\u20ac\u201c zum Leichkontakt. 1995 wurde er bei der WAKO sowie ITF Deutscher Meister im LK. Von da an ging seine Laufbahn als Wettk\u00e4mpfer steil nach oben. Nach der Silber Medaille beim World Cup in Piacenza (WAKO) und dem Sieg bei den Italian Open (ITF) berief ihn 1999 der Bundestrainer Peter Zaar, in die Nationalmannschaft und nominierte Dirk f\u00fcr die WM 1999 in Caorle. Trotz guter Vorbereitung und dem Erreichen des Viertelfinales, schied er dann gegen den sp\u00e4teren Weltmeister vorzeitig aus. Maike gewann bei dieser WM die Bronze Medaille.<\/p>\n<p>Zwei Jahre sp\u00e4ter, neu motiviert durch das gemeinsame Training mit Maike bei Andree M\u00fcller (Budo SV Gelsenkirchen) konnte er dann Weltmeister werden.<\/p>\n<p><img decoding=\"async\" src=\"http:\/\/www.budo-do-tameshi.de\/cms\/wp-content\/uploads\/2007\/08\/mg_2.jpg\" alt=\"mg_2.jpg\" \/> <img decoding=\"async\" src=\"http:\/\/www.budo-do-tameshi.de\/cms\/wp-content\/uploads\/2007\/08\/dk_2.jpg\" alt=\"dk_2.jpg\" \/><\/p>\n<p>Maike steigerte sich auch und wurde Vizeweltmeisterin.<br \/>\nIhre sportlichen Leistungen kann man nicht hoch genug einsch\u00e4tzen wenn man bedenkt das sie erst Anfang 1997 vom Tanzsport zum Kickboxen kam.<\/p>\n<p><strong>Maikes sportliche Erfolge:<\/strong><\/p>\n<p><img decoding=\"async\" src=\"http:\/\/www.budo-do-tameshi.de\/cms\/wp-content\/uploads\/2007\/08\/md_07.jpg\" title=\"md_07.jpg\" alt=\"md_07.jpg\" align=\"right\" \/><\/p>\n<p>LK<br \/>\n2 x Intern. Deutsche Vizemeisterin<br \/>\n6 x Deutsche Meisterin<br \/>\n3 x Intern. Deutsche Meisterin<br \/>\n1 x Deutsche Mannschaftsmeisterin<br \/>\n3. Platz WM 1999<br \/>\n2. Platz WM 2001<br \/>\n1. Platz Europameisterschaft 2003<\/p>\n<p>VK<br \/>\n2 x NRW Meisterin<br \/>\n1 x Deutsche Meisterin<br \/>\n2 x Intern. Meisterin<br \/>\n<br clear=\"all\" \/><br clear=\"all\" \/><\/p>\n<p>Nach dem Gewinn der Europameisterschaft 2003 bleibt das letzte gro\u00dfe Ziel f\u00fcr Maike die Weltmeisterschaft, um mit ihrem Mann Dirk bei den sportlichen Erfolgen gleich zu ziehen.<\/p>\n<p>Durch den Gewinn der Europameisterschaft wurde Maike von der Stadt Darmstadt zur Sportlerin des Jahres gew\u00e4hlt. Dirk trainierte zusammen mit Jimmy den Verein und den Hessenkader im Leichtkontakt. Durch den beruflich bedingten Umzug nach Bottrop mu\u00dften sie leider den BDT 2004 wieder verlassen.<\/p>\n<p>An dieser Stelle m\u00f6chten wir uns noch einmal bei beiden f\u00fcr Ihren engagierten und professionellen Einsatz den sie f\u00fcr unseren Verein geleistet haben, bedanken.<\/p>\n<p><strong>Dirks Sportliche Erfolge:<\/strong><\/p>\n<p>WAKO<br \/>\n1 x Deutscher Jugend Meister SK<br \/>\n1 x Sieger Austrain Classics SK<br \/>\n5 x Hessenmeister LK<br \/>\n5 x Deutscher Meister LK<br \/>\n4 x Intern. Deutscher Meister<br \/>\n1. u. 2. Platz World Cup Piacenza LK<br \/>\n1 x Europa Meister LK<br \/>\n1 x Weltmeister LK<\/p>\n<p>ITF<br \/>\n1 x Deutscher Meister LK<br \/>\n1 x Sieger Italian Open LK<\/p>\n","protected":false},"excerpt":{"rendered":"<p>KICKBOX PAAR DER INTERNATIONALEN SPITZENKLASSE Maike G\u00f6lzenleuchter + Dirk Kindl 2001 konnten wir uns mit Maike und Dirk hochkar\u00e4tig verst\u00e4rken. Sie waren mit ihrer internationalen Wettkampferfahrung f\u00fcr den Verein eine gro\u00dfe Bereicherung. Beide z\u00e4hlen im Kickboxen zur internationalen Spitzenklasse, auch wenn Dirk inzwischen seine aktive Laufbahn als K\u00e4mpfer beendet hat, er bleibt dem Sport aber [&hellip;]<\/p>\n","protected":false},"author":2,"featured_media":0,"parent":54,"menu_order":0,"comment_status":"open","ping_status":"open","template":"","meta":{"footnotes":""},"class_list":["post-134","page","type-page","status-publish","hentry"],"_links":{"self":[{"href":"https:\/\/www.budo-do-tameshi.de\/cms\/wp-json\/wp\/v2\/pages\/134","targetHints":{"allow":["GET"]}}],"collection":[{"href":"https:\/\/www.budo-do-tameshi.de\/cms\/wp-json\/wp\/v2\/pages"}],"about":[{"href":"https:\/\/www.budo-do-tameshi.de\/cms\/wp-json\/wp\/v2\/types\/page"}],"author":[{"embeddable":true,"href":"https:\/\/www.budo-do-tameshi.de\/cms\/wp-json\/wp\/v2\/users\/2"}],"replies":[{"embeddable":true,"href":"https:\/\/www.budo-do-tameshi.de\/cms\/wp-json\/wp\/v2\/comments?post=134"}],"version-history":[{"count":0,"href":"https:\/\/www.budo-do-tameshi.de\/cms\/wp-json\/wp\/v2\/pages\/134\/revisions"}],"up":[{"embeddable":true,"href":"https:\/\/www.budo-do-tameshi.de\/cms\/wp-json\/wp\/v2\/pages\/54"}],"wp:attachment":[{"href":"https:\/\/www.budo-do-tameshi.de\/cms\/wp-json\/wp\/v2\/media?parent=134"}],"curies":[{"name":"wp","href":"https:\/\/api.w.org\/{rel}","templated":true}]}}