{"id":1232,"date":"2009-06-29T17:41:05","date_gmt":"2009-06-29T15:41:05","guid":{"rendered":"http:\/\/www.budo-do-tameshi.de\/cms\/?page_id=1232"},"modified":"2023-12-18T17:36:06","modified_gmt":"2023-12-18T16:36:06","slug":"yamile-castillo-preus","status":"publish","type":"page","link":"https:\/\/www.budo-do-tameshi.de\/cms\/archiv\/portraits\/yamile-castillo-preus\/","title":{"rendered":"Yamile Castillo-Preu\u00df"},"content":{"rendered":"<h3>Mit Ehrgeiz und Beharrlichkeit zum Erfolg<\/h3>\n<p><img decoding=\"async\" src=\"http:\/\/www.budo-do-tameshi.de\/cms\/wp-content\/uploads\/2009\/06\/p_ycp3.jpg\" alt=\"p_ycp3.jpg\" align=\"right\" \/>Der Kampfsport hat sie schon immer interessiert und irgendwann war der Wunsch geboren, selbst aktiv zu sein. Bei der Suche nach dem richtigen Verein lie\u00df sich Yamile fast drei Jahre Zeit. Erfreulicherweise hat sie sich letztendlich f\u00fcr unseren Verein entschieden. Auch wenn ihr zun\u00e4chst nur Fitness und Selbstverteidigung wichtig waren, stellte sie sehr schnell fest: Ich will mehr.<\/p>\n<p><span class=\"foto\">Foto rechts: Zwei auf einen Streich Doppelsieg f\u00fcr Yamile bei den German Open 2009<\/span><\/p>\n<p>Die anderen taffen Frauen im Verein wirkten stark motivierend. Das Partnertraining mit Jessica Heymann motivierte sie zus\u00e4tzlich und lie\u00df den Entschluss reifen, selbst an Turnieren teilzunehmen.<\/p>\n<p>Auch wenn Yamile erst mit 35 Jahren zum aktiven Kampfsport kam, ist sie ein sehr gutes Beispiel daf\u00fcr, dass man viel erreichen kann, wenn man es wirklich will. Voraussetzung ist allerdings, dass man konsequent sein Ziel verfolgt, hart an sich arbeitet, ein gro\u00dfes Ma\u00df an Disziplin entwickelt und klare Priorit\u00e4ten setzt. Letzteres ist allerdings, wenn man Familie hat und im Berufsleben eingebunden ist, nicht immer einfach. Wichtige Voraussetzung ist deshalb die uneingeschr\u00e4nkte Unterst\u00fctzung der Familie und ein gutes Zeitmanagement. Wenn dann noch die richtigen Trainingspartner zur Verf\u00fcgung stehen und die Chemie mit den Trainern stimmt, kommen die Erfolge fast von alleine.<\/p>\n<p><img decoding=\"async\" src=\"http:\/\/www.budo-do-tameshi.de\/cms\/wp-content\/uploads\/2009\/06\/p_ycp1.jpg\" alt=\"p_ycp1.jpg\" \/> <img decoding=\"async\" src=\"http:\/\/www.budo-do-tameshi.de\/cms\/wp-content\/uploads\/2009\/06\/p_ycp2.jpg\" alt=\"p_ycp2.jpg\" \/><code>Yamile (links) im Finale der DM 08<\/code> <code>Klarer Sieg f\u00fcr Yamile im Finale (VK -48Kg) der German Open 09<\/code><br \/>\nDurch ihre guten Leistungen wurde sie im Leicht- und Vollkontakt in die Nationalmannschaft berufen und 2008 erstmals f\u00fcr die Europameisterschaft nominiert.<br \/>\nBis Heute konnte Yamile mehrere Deutschen Meistertitel gewinnen und stand f\u00fcr das Deutsche Team bei den Welt &#8211; und Europameisterschaften (LC + VK) im Ring und auf der Matte.<br \/>\nNachdem sie 2010 erfolgreich die Pr\u00fcfung zum schwarzen G\u00fcrtel abgelegt hat, konnte sie 2011 ein weitere gro\u00dfes sportliches Ziel erreichen, eine Medaille bei den Weltmeisterschaften.<br \/>\nIm Dezember 2012 hat Yamile ihre n\u00e4chste sportliche Herausvorderung mit<br \/>\nErfolg gemeistert &#8211; die Pr\u00fcfung zum 2. Meistergrad. Wir gratulieren.<\/p>\n<p>F\u00fcr weitere Erfolge dr\u00fccken wir ihr die Daumen.<\/p>\n<p><strong>Erfolge<\/strong><\/p>\n<p><em>Hessenmeisterschaft<\/em><\/p>\n<ul>\n<li>1. Platz LC 2006<\/li>\n<li>1. Platz LC 2007<\/li>\n<li>2. Platz LC 2008<\/li>\n<li>1. Platz LC 2009<\/li>\n<\/ul>\n<p><em>German Open<\/em><\/p>\n<ul>\n<li>2. Platz LC 2007<\/li>\n<li>2. Platz LC 2008<\/li>\n<li>3. Platz VK 2008<\/li>\n<li>1. Platz LC 2009<\/li>\n<li>1. Platz VK 2009<\/li>\n<li>1. Platz LC 2010<\/li>\n<li>2. Platz VK 2011<\/li>\n<\/ul>\n<p><em>Deutsche Meisterschaft<\/em><\/p>\n<ul>\n<li>3. Platz LC 2007<\/li>\n<li>2. Platz LC 2008<\/li>\n<li>1. Platz VK 2008<\/li>\n<li>1. Platz LC 2009<\/li>\n<li>2. Platz LC 2010<\/li>\n<li>1. Platz VK 2010<\/li>\n<li>1. Platz VK 2011<\/li>\n<li>2. Platz Low Kick 2013<\/li>\n<\/ul>\n<p><em>Deutschlandpokal<\/em><\/p>\n<ul>\n<li>2. Platz VK 2009<\/li>\n<li>1. Platz LC 2009<\/li>\n<li>2. Platz LC 2010<\/li>\n<li>2. Platz VK 2010<\/li>\n<\/ul>\n<p><em>Austrian Classics<\/em><\/p>\n<ul>\n<li>3. Platz LC 2008<\/li>\n<li>2. Platz VK 2009<\/li>\n<li>1. Platz VK 2011<\/li>\n<li>1. Platz VK 2012<\/li>\n<\/ul>\n<p><em>Danish Open<\/em><\/p>\n<ul>\n<li>2. Platz VK 2011<\/li>\n<\/ul>\n<p><em>EM<\/em><\/p>\n<ul>\n<li>5. Platz VK 2008<\/li>\n<li>5. Platz LC 2008<\/li>\n<li>5. Platz LC 2010<\/li>\n<li>5. Platz VK 2010<\/li>\n<\/ul>\n<p><em>WM<\/em><\/p>\n<ul>\n<li>5. Platz LC 2009<\/li>\n<li>5. Platz VK 2009<\/li>\n<li>3. Platz VK 2011<\/li>\n<\/ul>\n","protected":false},"excerpt":{"rendered":"<p>Mit Ehrgeiz und Beharrlichkeit zum Erfolg Der Kampfsport hat sie schon immer interessiert und irgendwann war der Wunsch geboren, selbst aktiv zu sein. Bei der Suche nach dem richtigen Verein lie\u00df sich Yamile fast drei Jahre Zeit. Erfreulicherweise hat sie sich letztendlich f\u00fcr unseren Verein entschieden. Auch wenn ihr zun\u00e4chst nur Fitness und Selbstverteidigung wichtig [&hellip;]<\/p>\n","protected":false},"author":2,"featured_media":0,"parent":54,"menu_order":0,"comment_status":"closed","ping_status":"closed","template":"","meta":{"footnotes":""},"class_list":["post-1232","page","type-page","status-publish","hentry"],"_links":{"self":[{"href":"https:\/\/www.budo-do-tameshi.de\/cms\/wp-json\/wp\/v2\/pages\/1232","targetHints":{"allow":["GET"]}}],"collection":[{"href":"https:\/\/www.budo-do-tameshi.de\/cms\/wp-json\/wp\/v2\/pages"}],"about":[{"href":"https:\/\/www.budo-do-tameshi.de\/cms\/wp-json\/wp\/v2\/types\/page"}],"author":[{"embeddable":true,"href":"https:\/\/www.budo-do-tameshi.de\/cms\/wp-json\/wp\/v2\/users\/2"}],"replies":[{"embeddable":true,"href":"https:\/\/www.budo-do-tameshi.de\/cms\/wp-json\/wp\/v2\/comments?post=1232"}],"version-history":[{"count":13,"href":"https:\/\/www.budo-do-tameshi.de\/cms\/wp-json\/wp\/v2\/pages\/1232\/revisions"}],"predecessor-version":[{"id":8012,"href":"https:\/\/www.budo-do-tameshi.de\/cms\/wp-json\/wp\/v2\/pages\/1232\/revisions\/8012"}],"up":[{"embeddable":true,"href":"https:\/\/www.budo-do-tameshi.de\/cms\/wp-json\/wp\/v2\/pages\/54"}],"wp:attachment":[{"href":"https:\/\/www.budo-do-tameshi.de\/cms\/wp-json\/wp\/v2\/media?parent=1232"}],"curies":[{"name":"wp","href":"https:\/\/api.w.org\/{rel}","templated":true}]}}