{"id":949,"date":"2008-08-03T23:08:32","date_gmt":"2008-08-03T21:08:32","guid":{"rendered":"http:\/\/www.budo-do-tameshi.de\/cms\/?page_id=949"},"modified":"2008-08-03T23:21:26","modified_gmt":"2008-08-03T21:21:26","slug":"deutsche-meisterschaft-2008-in-siegen","status":"publish","type":"page","link":"http:\/\/www.budo-do-tameshi.de\/cms\/fotos\/deutsche-meisterschaft-2008-in-siegen\/","title":{"rendered":"Deutsche Meisterschaft 2008 in Siegen"},"content":{"rendered":"<p><img decoding=\"async\" src=\"http:\/\/www.budo-do-tameshi.de\/cms\/wp-content\/uploads\/2008\/08\/dm08__mg_0195.jpg\" alt=\"dm08__mg_0195.jpg\" \/><br \/>\nDeutsche Meisterschaft 2008<\/p>\n<p><img decoding=\"async\" src=\"http:\/\/www.budo-do-tameshi.de\/cms\/wp-content\/uploads\/2008\/08\/dm08_p6011618.jpg\" alt=\"dm08_p6011618.jpg\" \/><br \/>\nAusnahmsweise mal vor der Kamera. Unser Fotograf Bernd Preu\u00df<\/p>\n<p><img decoding=\"async\" src=\"http:\/\/www.budo-do-tameshi.de\/cms\/wp-content\/uploads\/2008\/08\/dm08_dm08yasmineanna-lenavladislav.jpg\" alt=\"dm08_dm08yasmineanna-lenavladislav.jpg\" \/><br \/>\n(von links) Yasmine, Anna-Lena, Vladislav<\/p>\n<p><img decoding=\"async\" src=\"http:\/\/www.budo-do-tameshi.de\/cms\/wp-content\/uploads\/2008\/08\/dm08_dm08vladislavvordemkampf.jpg\" alt=\"dm08_dm08vladislavvordemkampf.jpg\" \/><br \/>\nVladislav bei seiner ersten Deutschen Meisterschaft<\/p>\n<p><img decoding=\"async\" src=\"http:\/\/www.budo-do-tameshi.de\/cms\/wp-content\/uploads\/2008\/08\/dm08_dm08teamjugend.jpg\" alt=\"dm08_dm08teamjugend.jpg\" \/><br \/>\n(von links) Bj\u00f6rn, Edris, \u00dcmit + Jimmy<\/p>\n<p><img decoding=\"async\" src=\"http:\/\/www.budo-do-tameshi.de\/cms\/wp-content\/uploads\/2008\/08\/dm08_p6011639.jpg\" alt=\"dm08_p6011639.jpg\" \/><br \/>\nMatthias gegen Dimitri Hait<\/p>\n<p><img decoding=\"async\" src=\"http:\/\/www.budo-do-tameshi.de\/cms\/wp-content\/uploads\/2008\/08\/dm08__mg_0061.jpg\" alt=\"dm08__mg_0061.jpg\" \/><br \/>\nMatthias kontert<\/p>\n<p><img decoding=\"async\" src=\"http:\/\/www.budo-do-tameshi.de\/cms\/wp-content\/uploads\/2008\/08\/dm08__mg_0275.jpg\" alt=\"dm08__mg_0275.jpg\" \/><br \/>\nEinstimmung auf den Kampf (von links) Oliver, Jimmy, Erik<\/p>\n<p><img decoding=\"async\" src=\"http:\/\/www.budo-do-tameshi.de\/cms\/wp-content\/uploads\/2008\/08\/dm08__mg_0256.jpg\" alt=\"dm08__mg_0256.jpg\" \/><br \/>\nErik (rechts) im Halbfinale<\/p>\n<p><img decoding=\"async\" src=\"http:\/\/www.budo-do-tameshi.de\/cms\/wp-content\/uploads\/2008\/08\/dm08__mg_0194.jpg\" alt=\"dm08__mg_0194.jpg\" \/><br \/>\nJessica (links) siegt im Halbfinale<\/p>\n<p><img decoding=\"async\" src=\"http:\/\/www.budo-do-tameshi.de\/cms\/wp-content\/uploads\/2008\/08\/dm08__mg_0341.jpg\" alt=\"dm08__mg_0341.jpg\" \/><br \/>\nNikolaj (rechts) im Viertelfinale<\/p>\n<p><img decoding=\"async\" src=\"http:\/\/www.budo-do-tameshi.de\/cms\/wp-content\/uploads\/2008\/08\/dm08__mg_0370.jpg\" alt=\"dm08__mg_0370.jpg\" \/><br \/>\nNikolaj (rechts) trifft<\/p>\n<p><img decoding=\"async\" src=\"http:\/\/www.budo-do-tameshi.de\/cms\/wp-content\/uploads\/2008\/08\/dm08__mg_0150.jpg\" alt=\"dm08__mg_0150.jpg\" \/><br \/>\nYamile (links) siegt im Halbfinale<\/p>\n<p><img decoding=\"async\" src=\"http:\/\/www.budo-do-tameshi.de\/cms\/wp-content\/uploads\/2008\/08\/dm08__mg_0314.jpg\" alt=\"dm08__mg_0314.jpg\" \/><br \/>\nSabine (rechts) siegt im Halbfinale<\/p>\n<p><img decoding=\"async\" src=\"http:\/\/www.budo-do-tameshi.de\/cms\/wp-content\/uploads\/2008\/08\/dm08__mg_0463.jpg\" alt=\"dm08__mg_0463.jpg\" \/><br \/>\nFinalisten im Leichtkontakt<\/p>\n<p><img decoding=\"async\" src=\"http:\/\/www.budo-do-tameshi.de\/cms\/wp-content\/uploads\/2008\/08\/dm08__mg_0565.jpg\" alt=\"dm08__mg_0565.jpg\" \/><br \/>\nLetzte Anweisungen \u00e2\u20ac\u201c (von links) Jimmy, Yamile + Oliver<\/p>\n<p><img decoding=\"async\" src=\"http:\/\/www.budo-do-tameshi.de\/cms\/wp-content\/uploads\/2008\/08\/dm08__mg_0542.jpg\" alt=\"dm08__mg_0542.jpg\" \/><br \/>\nYamile (links) im Finale mit Axtkick<\/p>\n<p><img decoding=\"async\" src=\"http:\/\/www.budo-do-tameshi.de\/cms\/wp-content\/uploads\/2008\/08\/dm08__mg_0488.jpg\" alt=\"dm08__mg_0488.jpg\" \/><br \/>\nSabine (rechts) im Finale<\/p>\n<p><img decoding=\"async\" src=\"http:\/\/www.budo-do-tameshi.de\/cms\/wp-content\/uploads\/2008\/08\/dm08__mg_0503.jpg\" alt=\"dm08__mg_0503.jpg\" \/><br \/>\nJessica (links) im Finale<\/p>\n<p><img decoding=\"async\" src=\"http:\/\/www.budo-do-tameshi.de\/cms\/wp-content\/uploads\/2008\/08\/dm08__mg_0522.jpg\" alt=\"dm08__mg_0522.jpg\" \/><br \/>\nJessica (links) mit der Faust<\/p>\n<p><img decoding=\"async\" src=\"http:\/\/www.budo-do-tameshi.de\/cms\/wp-content\/uploads\/2008\/08\/dm08__mg_0468.jpg\" alt=\"dm08__mg_0468.jpg\" \/><br \/>\nFabian (links) im Finale<\/p>\n<p><img decoding=\"async\" src=\"http:\/\/www.budo-do-tameshi.de\/cms\/wp-content\/uploads\/2008\/08\/dm08__mg_0482.jpg\" alt=\"dm08__mg_0482.jpg\" \/><br \/>\nFabian (links) gewinnt seinen vierten Titel in Folge<\/p>\n<p><img decoding=\"async\" src=\"http:\/\/www.budo-do-tameshi.de\/cms\/wp-content\/uploads\/2008\/08\/dm08__mg_0566.jpg\" alt=\"dm08__mg_0566.jpg\" \/><br \/>\nErfolgreiches BDT Team \u00e2\u20ac\u201c 1xGold, 4xSilber, 2xBronze<\/p>\n","protected":false},"excerpt":{"rendered":"<p>Deutsche Meisterschaft 2008 Ausnahmsweise mal vor der Kamera. Unser Fotograf Bernd Preu\u00df (von links) Yasmine, Anna-Lena, Vladislav Vladislav bei seiner ersten Deutschen Meisterschaft (von links) Bj\u00f6rn, Edris, \u00dcmit + Jimmy Matthias gegen Dimitri Hait Matthias kontert Einstimmung auf den Kampf (von links) Oliver, Jimmy, Erik Erik (rechts) im Halbfinale Jessica (links) siegt im Halbfinale Nikolaj [&hellip;]<\/p>\n","protected":false},"author":2,"featured_media":0,"parent":94,"menu_order":0,"comment_status":"closed","ping_status":"closed","template":"","meta":{"footnotes":""},"class_list":["post-949","page","type-page","status-publish","hentry"],"_links":{"self":[{"href":"http:\/\/www.budo-do-tameshi.de\/cms\/wp-json\/wp\/v2\/pages\/949","targetHints":{"allow":["GET"]}}],"collection":[{"href":"http:\/\/www.budo-do-tameshi.de\/cms\/wp-json\/wp\/v2\/pages"}],"about":[{"href":"http:\/\/www.budo-do-tameshi.de\/cms\/wp-json\/wp\/v2\/types\/page"}],"author":[{"embeddable":true,"href":"http:\/\/www.budo-do-tameshi.de\/cms\/wp-json\/wp\/v2\/users\/2"}],"replies":[{"embeddable":true,"href":"http:\/\/www.budo-do-tameshi.de\/cms\/wp-json\/wp\/v2\/comments?post=949"}],"version-history":[{"count":0,"href":"http:\/\/www.budo-do-tameshi.de\/cms\/wp-json\/wp\/v2\/pages\/949\/revisions"}],"up":[{"embeddable":true,"href":"http:\/\/www.budo-do-tameshi.de\/cms\/wp-json\/wp\/v2\/pages\/94"}],"wp:attachment":[{"href":"http:\/\/www.budo-do-tameshi.de\/cms\/wp-json\/wp\/v2\/media?parent=949"}],"curies":[{"name":"wp","href":"https:\/\/api.w.org\/{rel}","templated":true}]}}