{"id":643,"date":"2007-10-20T20:59:21","date_gmt":"2007-10-20T18:59:21","guid":{"rendered":"http:\/\/www.budo-do-tameshi.de\/cms\/?page_id=643"},"modified":"2007-10-24T16:41:23","modified_gmt":"2007-10-24T14:41:23","slug":"manustrophy-2007","status":"publish","type":"page","link":"http:\/\/www.budo-do-tameshi.de\/cms\/fotos\/manustrophy-2007\/","title":{"rendered":"Manustrophy 2007"},"content":{"rendered":"<p><span class=\"foto\">Fotos: Bernd Preu\u00df<\/span><\/p>\n<p><img decoding=\"async\" src=\"http:\/\/www.budo-do-tameshi.de\/cms\/wp-content\/uploads\/2007\/10\/manustrophy07pokale2.jpg\" alt=\"manustrophy07pokale2.jpg\" \/><span class=\"bildunterschrift\">Sch\u00f6ne Pokale<\/span><br clear=\"all\" \/><img decoding=\"async\" src=\"http:\/\/www.budo-do-tameshi.de\/cms\/wp-content\/uploads\/2007\/10\/manustrophy07nikolajals.jpg\" alt=\"manustrophy07nikolajals.jpg\" \/> <a href=\"http:\/\/www.budo-do-tameshi.de\/cms\/wp-content\/uploads\/2007\/10\/manustrophy07eriktzu.jpg\" title=\"manustrophy07eriktzu.jpg\"><img decoding=\"async\" src=\"http:\/\/www.budo-do-tameshi.de\/cms\/wp-content\/uploads\/2007\/10\/manustrophy07eriktzu.jpg\" alt=\"manustrophy07eriktzu.jpg\" \/><\/a><code>Nikolaj bei seinem ersten Kampfrichter Einsatz<\/code><code>Letzte Anweisungen f\u00fcr Erik<\/code><\/p>\n<p><img decoding=\"async\" src=\"http:\/\/www.budo-do-tameshi.de\/cms\/wp-content\/uploads\/2007\/10\/manustrophy07nikolajkic.jpg\" alt=\"manustrophy07nikolajkic.jpg\" \/> <img decoding=\"async\" src=\"http:\/\/www.budo-do-tameshi.de\/cms\/wp-content\/uploads\/2007\/10\/manustrophy07nikolajfau.jpg\" alt=\"manustrophy07nikolajfau.jpg\" \/><code>Nikolaj (rechts) im Halbfinale<\/code><code>Nikolaj (rechts) trifft mit der Faust<\/code><\/p>\n<p><img decoding=\"async\" src=\"http:\/\/www.budo-do-tameshi.de\/cms\/wp-content\/uploads\/2007\/10\/manustrophy07nikolaj2fa.jpg\" alt=\"manustrophy07nikolaj2fa.jpg\" \/><span class=\"bildunterschrift\">Nikolaj (rechts) macht Druck<\/span><br clear=\"all\" \/><img decoding=\"async\" src=\"http:\/\/www.budo-do-tameshi.de\/cms\/wp-content\/uploads\/2007\/10\/manustrophy07oliverjess.jpg\" alt=\"manustrophy07oliverjess.jpg\" \/> <img decoding=\"async\" src=\"http:\/\/www.budo-do-tameshi.de\/cms\/wp-content\/uploads\/2007\/10\/manustrophy07yamilekick.jpg\" alt=\"manustrophy07yamilekick.jpg\" \/><br \/>\n<code> Oliver, Jessica + Jimmy beobachten das Kampfgeschehen<\/code><code>Yamile (rechts) mit Axtkick<\/code><\/p>\n<p><img decoding=\"async\" src=\"http:\/\/www.budo-do-tameshi.de\/cms\/wp-content\/uploads\/2007\/10\/manustrophy07yamilefaus.jpg\" alt=\"manustrophy07yamilefaus.jpg\" \/> <img decoding=\"async\" src=\"http:\/\/www.budo-do-tameshi.de\/cms\/wp-content\/uploads\/2007\/10\/manustrophy07yamile2fau.jpg\" alt=\"manustrophy07yamile2fau.jpg\" \/><code>Yamile (links) mit Faust<\/code><code>Yamile (links) mit der F\u00fchrhand<\/code><\/p>\n<p><img decoding=\"async\" src=\"http:\/\/www.budo-do-tameshi.de\/cms\/wp-content\/uploads\/2007\/10\/manustrophy07yamile2kic.jpg\" alt=\"manustrophy07yamile2kic.jpg\" \/> <img decoding=\"async\" src=\"http:\/\/www.budo-do-tameshi.de\/cms\/wp-content\/uploads\/2007\/10\/manustrophy072yamile.jpg\" alt=\"manustrophy072yamile.jpg\" \/><code>Yamile (rechts) mit Sidekick<\/code><code>J\u00fclide (rechts) kontert<\/code><\/p>\n<p><img decoding=\"async\" src=\"http:\/\/www.budo-do-tameshi.de\/cms\/wp-content\/uploads\/2007\/10\/manustrophy073j.jpg\" alt=\"manustrophy073j.jpg\" \/> <img decoding=\"async\" src=\"http:\/\/www.budo-do-tameshi.de\/cms\/wp-content\/uploads\/2007\/10\/manustrophy07yamilepoka.jpg\" alt=\"manustrophy07yamilepoka.jpg\" \/><code>Yamile (rechts) mit Axtkick<\/code><code>Yamile gewinnt die Gewichtsklasse bis 50 Kg<\/code><\/p>\n<p><img decoding=\"async\" src=\"http:\/\/www.budo-do-tameshi.de\/cms\/wp-content\/uploads\/2007\/10\/manustrophy07jessicakic.jpg\" alt=\"manustrophy07jessicakic.jpg\" \/> <img decoding=\"async\" src=\"http:\/\/www.budo-do-tameshi.de\/cms\/wp-content\/uploads\/2007\/10\/manustrophy07jessicafau.jpg\" alt=\"manustrophy07jessicafau.jpg\" \/><code>Jessica (links) mit Sidekick <\/code><code>Jessica (rechts) trifft mit der Faust <\/code><\/p>\n<p><img decoding=\"async\" src=\"http:\/\/www.budo-do-tameshi.de\/cms\/wp-content\/uploads\/2007\/10\/manustrophy074jessicazu.jpg\" alt=\"manustrophy074jessicazu.jpg\" \/> <img decoding=\"async\" src=\"http:\/\/www.budo-do-tameshi.de\/cms\/wp-content\/uploads\/2007\/10\/manustrophy07jessicasab.jpg\" alt=\"manustrophy07jessicasab.jpg\" \/><code>Letzte Anweisungen <\/code><code>Jessica (links) trifft im Finale<\/code><\/p>\n<p><img decoding=\"async\" src=\"http:\/\/www.budo-do-tameshi.de\/cms\/wp-content\/uploads\/2007\/10\/manustrophy07finjessica.jpg\" alt=\"manustrophy07finjessica.jpg\" \/><span class=\"bildunterschrift\">Jessica (links) + Sabine Seifert im Finale<\/span><br clear=\"all\" \/><img decoding=\"async\" src=\"http:\/\/www.budo-do-tameshi.de\/cms\/wp-content\/uploads\/2007\/10\/manustrophy07team.jpg\" alt=\"manustrophy07team.jpg\" \/><br \/>\n<span class=\"bildunterschrift\">Erfolgreiches BDT Team &#8211; 2x Gold 2x Silber 1x Bronze<\/span><\/p>\n","protected":false},"excerpt":{"rendered":"<p>Fotos: Bernd Preu\u00df Sch\u00f6ne Pokale Nikolaj bei seinem ersten Kampfrichter EinsatzLetzte Anweisungen f\u00fcr Erik Nikolaj (rechts) im HalbfinaleNikolaj (rechts) trifft mit der Faust Nikolaj (rechts) macht Druck Oliver, Jessica + Jimmy beobachten das KampfgeschehenYamile (rechts) mit Axtkick Yamile (links) mit FaustYamile (links) mit der F\u00fchrhand Yamile (rechts) mit SidekickJ\u00fclide (rechts) kontert Yamile (rechts) mit AxtkickYamile [&hellip;]<\/p>\n","protected":false},"author":2,"featured_media":0,"parent":94,"menu_order":0,"comment_status":"open","ping_status":"open","template":"","meta":{"footnotes":""},"class_list":["post-643","page","type-page","status-publish","hentry"],"_links":{"self":[{"href":"http:\/\/www.budo-do-tameshi.de\/cms\/wp-json\/wp\/v2\/pages\/643","targetHints":{"allow":["GET"]}}],"collection":[{"href":"http:\/\/www.budo-do-tameshi.de\/cms\/wp-json\/wp\/v2\/pages"}],"about":[{"href":"http:\/\/www.budo-do-tameshi.de\/cms\/wp-json\/wp\/v2\/types\/page"}],"author":[{"embeddable":true,"href":"http:\/\/www.budo-do-tameshi.de\/cms\/wp-json\/wp\/v2\/users\/2"}],"replies":[{"embeddable":true,"href":"http:\/\/www.budo-do-tameshi.de\/cms\/wp-json\/wp\/v2\/comments?post=643"}],"version-history":[{"count":0,"href":"http:\/\/www.budo-do-tameshi.de\/cms\/wp-json\/wp\/v2\/pages\/643\/revisions"}],"up":[{"embeddable":true,"href":"http:\/\/www.budo-do-tameshi.de\/cms\/wp-json\/wp\/v2\/pages\/94"}],"wp:attachment":[{"href":"http:\/\/www.budo-do-tameshi.de\/cms\/wp-json\/wp\/v2\/media?parent=643"}],"curies":[{"name":"wp","href":"https:\/\/api.w.org\/{rel}","templated":true}]}}