{"id":6024,"date":"2017-07-19T18:13:01","date_gmt":"2017-07-19T17:13:01","guid":{"rendered":"http:\/\/www.budo-do-tameshi.de\/cms\/?page_id=6024"},"modified":"2017-07-20T00:01:43","modified_gmt":"2017-07-19T23:01:43","slug":"deutsche-meisterschaft-2017","status":"publish","type":"page","link":"http:\/\/www.budo-do-tameshi.de\/cms\/fotos\/deutsche-meisterschaft-2017\/","title":{"rendered":"Deutsche Meisterschaft 2017"},"content":{"rendered":"<p>Fotos: Anna-Lena Kuhn<\/p>\n<div id=\"attachment_6006\" style=\"width: 560px\" class=\"wp-caption alignnone\"><a href=\"http:\/\/www.budo-do-tameshi.de\/cms\/wp-content\/uploads\/2017\/07\/DSC_0532-2.jpg\"><img decoding=\"async\" aria-describedby=\"caption-attachment-6006\" class=\"size-full wp-image-6006\" title=\"DSC_0532 (2)\" src=\"http:\/\/www.budo-do-tameshi.de\/cms\/wp-content\/uploads\/2017\/07\/DSC_0532-2.jpg\" alt=\"Samuel (links) gewinnt klar\" width=\"550\" srcset=\"http:\/\/www.budo-do-tameshi.de\/cms\/wp-content\/uploads\/2017\/07\/DSC_0532-2.jpg 1594w, http:\/\/www.budo-do-tameshi.de\/cms\/wp-content\/uploads\/2017\/07\/DSC_0532-2-300x203.jpg 300w, http:\/\/www.budo-do-tameshi.de\/cms\/wp-content\/uploads\/2017\/07\/DSC_0532-2-1024x693.jpg 1024w\" sizes=\"(max-width: 1594px) 100vw, 1594px\" \/><\/a><p id=\"caption-attachment-6006\" class=\"wp-caption-text\">Samuel (links) gewinnt klar<\/p><\/div>\n<div id=\"attachment_6007\" style=\"width: 560px\" class=\"wp-caption alignnone\"><a href=\"http:\/\/www.budo-do-tameshi.de\/cms\/wp-content\/uploads\/2017\/07\/DSC_0547-2.jpg\"><img decoding=\"async\" aria-describedby=\"caption-attachment-6007\" class=\"size-full wp-image-6007\" title=\"DSC_0547 (2)\" src=\"http:\/\/www.budo-do-tameshi.de\/cms\/wp-content\/uploads\/2017\/07\/DSC_0547-2.jpg\" alt=\"Samuel (links) gewinnt Bronze\" width=\"550\" srcset=\"http:\/\/www.budo-do-tameshi.de\/cms\/wp-content\/uploads\/2017\/07\/DSC_0547-2.jpg 1566w, http:\/\/www.budo-do-tameshi.de\/cms\/wp-content\/uploads\/2017\/07\/DSC_0547-2-300x206.jpg 300w, http:\/\/www.budo-do-tameshi.de\/cms\/wp-content\/uploads\/2017\/07\/DSC_0547-2-1024x706.jpg 1024w\" sizes=\"(max-width: 1566px) 100vw, 1566px\" \/><\/a><p id=\"caption-attachment-6007\" class=\"wp-caption-text\">Samuel (links) gewinnt Bronze<\/p><\/div>\n<div id=\"attachment_6008\" style=\"width: 560px\" class=\"wp-caption alignnone\"><a href=\"http:\/\/www.budo-do-tameshi.de\/cms\/wp-content\/uploads\/2017\/07\/DSC_0571-2.jpg\"><img decoding=\"async\" aria-describedby=\"caption-attachment-6008\" class=\"size-full wp-image-6008\" title=\"DSC_0571 (2)\" src=\"http:\/\/www.budo-do-tameshi.de\/cms\/wp-content\/uploads\/2017\/07\/DSC_0571-2.jpg\" alt=\" Antonia (rechts) setzt klaren Treffer\" width=\"550\" srcset=\"http:\/\/www.budo-do-tameshi.de\/cms\/wp-content\/uploads\/2017\/07\/DSC_0571-2.jpg 1555w, http:\/\/www.budo-do-tameshi.de\/cms\/wp-content\/uploads\/2017\/07\/DSC_0571-2-300x208.jpg 300w, http:\/\/www.budo-do-tameshi.de\/cms\/wp-content\/uploads\/2017\/07\/DSC_0571-2-1024x711.jpg 1024w\" sizes=\"(max-width: 1555px) 100vw, 1555px\" \/><\/a><p id=\"caption-attachment-6008\" class=\"wp-caption-text\"> Antonia (rechts) setzt klaren Treffer<\/p><\/div>\n<div id=\"attachment_6009\" style=\"width: 560px\" class=\"wp-caption alignnone\"><a href=\"http:\/\/www.budo-do-tameshi.de\/cms\/wp-content\/uploads\/2017\/07\/DSC_0575-2.jpg\"><img decoding=\"async\" aria-describedby=\"caption-attachment-6009\" class=\"size-full wp-image-6009\" title=\"DSC_0575 (2)\" src=\"http:\/\/www.budo-do-tameshi.de\/cms\/wp-content\/uploads\/2017\/07\/DSC_0575-2.jpg\" alt=\"Antonia (links) scheitert \u00e4u\u00dferst knapp, nach Verl\u00e4ngerung im Viertelfinale\" width=\"550\" srcset=\"http:\/\/www.budo-do-tameshi.de\/cms\/wp-content\/uploads\/2017\/07\/DSC_0575-2.jpg 1525w, http:\/\/www.budo-do-tameshi.de\/cms\/wp-content\/uploads\/2017\/07\/DSC_0575-2-300x212.jpg 300w, http:\/\/www.budo-do-tameshi.de\/cms\/wp-content\/uploads\/2017\/07\/DSC_0575-2-1024x725.jpg 1024w\" sizes=\"(max-width: 1525px) 100vw, 1525px\" \/><\/a><p id=\"caption-attachment-6009\" class=\"wp-caption-text\">Antonia (links) scheitert \u00e4u\u00dferst knapp, nach Verl\u00e4ngerung im Viertelfinale<\/p><\/div>\n<div id=\"attachment_6010\" style=\"width: 560px\" class=\"wp-caption alignnone\"><a href=\"http:\/\/www.budo-do-tameshi.de\/cms\/wp-content\/uploads\/2017\/07\/DSC_0583-2.jpg\"><img decoding=\"async\" aria-describedby=\"caption-attachment-6010\" class=\"size-full wp-image-6010\" title=\"DSC_0583 (2)\" src=\"http:\/\/www.budo-do-tameshi.de\/cms\/wp-content\/uploads\/2017\/07\/DSC_0583-2.jpg\" alt=\"Adriana (rechts) gewinnt im PF Silber\" width=\"550\" srcset=\"http:\/\/www.budo-do-tameshi.de\/cms\/wp-content\/uploads\/2017\/07\/DSC_0583-2.jpg 1590w, http:\/\/www.budo-do-tameshi.de\/cms\/wp-content\/uploads\/2017\/07\/DSC_0583-2-300x203.jpg 300w, http:\/\/www.budo-do-tameshi.de\/cms\/wp-content\/uploads\/2017\/07\/DSC_0583-2-1024x695.jpg 1024w\" sizes=\"(max-width: 1590px) 100vw, 1590px\" \/><\/a><p id=\"caption-attachment-6010\" class=\"wp-caption-text\">Adriana (rechts) gewinnt im PF Silber<\/p><\/div>\n<div id=\"attachment_6011\" style=\"width: 560px\" class=\"wp-caption alignnone\"><a href=\"http:\/\/www.budo-do-tameshi.de\/cms\/wp-content\/uploads\/2017\/07\/DSC_0681-2.jpg\"><img decoding=\"async\" aria-describedby=\"caption-attachment-6011\" class=\"size-full wp-image-6011\" title=\"DSC_0681 (2)\" src=\"http:\/\/www.budo-do-tameshi.de\/cms\/wp-content\/uploads\/2017\/07\/DSC_0681-2.jpg\" alt=\"Adriana Colic (links) gewinnt im LK Gold\" width=\"550\" srcset=\"http:\/\/www.budo-do-tameshi.de\/cms\/wp-content\/uploads\/2017\/07\/DSC_0681-2.jpg 1368w, http:\/\/www.budo-do-tameshi.de\/cms\/wp-content\/uploads\/2017\/07\/DSC_0681-2-300x236.jpg 300w, http:\/\/www.budo-do-tameshi.de\/cms\/wp-content\/uploads\/2017\/07\/DSC_0681-2-1024x808.jpg 1024w\" sizes=\"(max-width: 1368px) 100vw, 1368px\" \/><\/a><p id=\"caption-attachment-6011\" class=\"wp-caption-text\">Adriana (links) gewinnt im LK Gold<\/p><\/div>\n<div id=\"attachment_6012\" style=\"width: 560px\" class=\"wp-caption alignnone\"><a href=\"http:\/\/www.budo-do-tameshi.de\/cms\/wp-content\/uploads\/2017\/07\/DSC_0625-2.jpg\"><img decoding=\"async\" aria-describedby=\"caption-attachment-6012\" class=\"size-full wp-image-6012\" title=\"DSC_0625 (2)\" src=\"http:\/\/www.budo-do-tameshi.de\/cms\/wp-content\/uploads\/2017\/07\/DSC_0625-2.jpg\" alt=\"Jaro (links) setzt klaren Treffer\" width=\"550\" srcset=\"http:\/\/www.budo-do-tameshi.de\/cms\/wp-content\/uploads\/2017\/07\/DSC_0625-2.jpg 1470w, http:\/\/www.budo-do-tameshi.de\/cms\/wp-content\/uploads\/2017\/07\/DSC_0625-2-300x220.jpg 300w, http:\/\/www.budo-do-tameshi.de\/cms\/wp-content\/uploads\/2017\/07\/DSC_0625-2-1024x752.jpg 1024w\" sizes=\"(max-width: 1470px) 100vw, 1470px\" \/><\/a><p id=\"caption-attachment-6012\" class=\"wp-caption-text\">Jaro (links) setzt klaren Treffer<\/p><\/div>\n<div id=\"attachment_6013\" style=\"width: 560px\" class=\"wp-caption alignnone\"><a href=\"http:\/\/www.budo-do-tameshi.de\/cms\/wp-content\/uploads\/2017\/07\/DSC_0606-2.jpg\"><img decoding=\"async\" aria-describedby=\"caption-attachment-6013\" class=\"size-full wp-image-6013\" title=\"DSC_0606 (2)\" src=\"http:\/\/www.budo-do-tameshi.de\/cms\/wp-content\/uploads\/2017\/07\/DSC_0606-2.jpg\" alt=\"Jaro (rechts) gewinnt Bronze\" width=\"550\" srcset=\"http:\/\/www.budo-do-tameshi.de\/cms\/wp-content\/uploads\/2017\/07\/DSC_0606-2.jpg 1587w, http:\/\/www.budo-do-tameshi.de\/cms\/wp-content\/uploads\/2017\/07\/DSC_0606-2-300x204.jpg 300w, http:\/\/www.budo-do-tameshi.de\/cms\/wp-content\/uploads\/2017\/07\/DSC_0606-2-1024x696.jpg 1024w\" sizes=\"(max-width: 1587px) 100vw, 1587px\" \/><\/a><p id=\"caption-attachment-6013\" class=\"wp-caption-text\">Jaro (rechts) gewinnt Bronze<\/p><\/div>\n<div id=\"attachment_6014\" style=\"width: 560px\" class=\"wp-caption alignnone\"><a href=\"http:\/\/www.budo-do-tameshi.de\/cms\/wp-content\/uploads\/2017\/07\/DSC_0648-3.jpg\"><img decoding=\"async\" aria-describedby=\"caption-attachment-6014\" class=\"size-full wp-image-6014\" title=\"DSC_0648 (3)\" src=\"http:\/\/www.budo-do-tameshi.de\/cms\/wp-content\/uploads\/2017\/07\/DSC_0648-3.jpg\" alt=\"Dzejla (links) gewinnt Bronze\" width=\"550\" srcset=\"http:\/\/www.budo-do-tameshi.de\/cms\/wp-content\/uploads\/2017\/07\/DSC_0648-3.jpg 1512w, http:\/\/www.budo-do-tameshi.de\/cms\/wp-content\/uploads\/2017\/07\/DSC_0648-3-300x214.jpg 300w, http:\/\/www.budo-do-tameshi.de\/cms\/wp-content\/uploads\/2017\/07\/DSC_0648-3-1024x731.jpg 1024w\" sizes=\"(max-width: 1512px) 100vw, 1512px\" \/><\/a><p id=\"caption-attachment-6014\" class=\"wp-caption-text\">Dzejla (links) gewinnt Bronze<\/p><\/div>\n<div id=\"attachment_6015\" style=\"width: 560px\" class=\"wp-caption alignnone\"><a href=\"http:\/\/www.budo-do-tameshi.de\/cms\/wp-content\/uploads\/2017\/07\/DSC_0690-2.jpg\"><img decoding=\"async\" aria-describedby=\"caption-attachment-6015\" class=\"size-full wp-image-6015\" title=\"DSC_0690 (2)\" src=\"http:\/\/www.budo-do-tameshi.de\/cms\/wp-content\/uploads\/2017\/07\/DSC_0690-2.jpg\" alt=\"Melisa-Kiraz (links) gewinnt Gold\" width=\"550\" srcset=\"http:\/\/www.budo-do-tameshi.de\/cms\/wp-content\/uploads\/2017\/07\/DSC_0690-2.jpg 1333w, http:\/\/www.budo-do-tameshi.de\/cms\/wp-content\/uploads\/2017\/07\/DSC_0690-2-300x243.jpg 300w, http:\/\/www.budo-do-tameshi.de\/cms\/wp-content\/uploads\/2017\/07\/DSC_0690-2-1024x829.jpg 1024w\" sizes=\"(max-width: 1333px) 100vw, 1333px\" \/><\/a><p id=\"caption-attachment-6015\" class=\"wp-caption-text\">Melisa-Kiraz (links) gewinnt Gold<\/p><\/div>\n<div id=\"attachment_6016\" style=\"width: 560px\" class=\"wp-caption alignnone\"><a href=\"http:\/\/www.budo-do-tameshi.de\/cms\/wp-content\/uploads\/2017\/07\/IMG_0950-3.jpg\"><img decoding=\"async\" aria-describedby=\"caption-attachment-6016\" class=\"size-full wp-image-6016\" title=\"IMG_0950 (3)\" src=\"http:\/\/www.budo-do-tameshi.de\/cms\/wp-content\/uploads\/2017\/07\/IMG_0950-3.jpg\" alt=\"Philipp (rechts) mit schnellen F\u00e4usten\" width=\"550\" srcset=\"http:\/\/www.budo-do-tameshi.de\/cms\/wp-content\/uploads\/2017\/07\/IMG_0950-3.jpg 1467w, http:\/\/www.budo-do-tameshi.de\/cms\/wp-content\/uploads\/2017\/07\/IMG_0950-3-300x220.jpg 300w, http:\/\/www.budo-do-tameshi.de\/cms\/wp-content\/uploads\/2017\/07\/IMG_0950-3-1024x753.jpg 1024w\" sizes=\"(max-width: 1467px) 100vw, 1467px\" \/><\/a><p id=\"caption-attachment-6016\" class=\"wp-caption-text\">Philipp (rechts) mit schnellen F\u00e4usten<\/p><\/div>\n<div id=\"attachment_6017\" style=\"width: 560px\" class=\"wp-caption alignnone\"><a href=\"http:\/\/www.budo-do-tameshi.de\/cms\/wp-content\/uploads\/2017\/07\/IMG_0725-2.jpg\"><img decoding=\"async\" aria-describedby=\"caption-attachment-6017\" class=\"size-full wp-image-6017\" title=\"IMG_0725 (2)\" src=\"http:\/\/www.budo-do-tameshi.de\/cms\/wp-content\/uploads\/2017\/07\/IMG_0725-2.jpg\" alt=\"Feidhlim (rechts) gewinnt Silber\" width=\"550\" srcset=\"http:\/\/www.budo-do-tameshi.de\/cms\/wp-content\/uploads\/2017\/07\/IMG_0725-2.jpg 1529w, http:\/\/www.budo-do-tameshi.de\/cms\/wp-content\/uploads\/2017\/07\/IMG_0725-2-300x211.jpg 300w, http:\/\/www.budo-do-tameshi.de\/cms\/wp-content\/uploads\/2017\/07\/IMG_0725-2-1024x723.jpg 1024w\" sizes=\"(max-width: 1529px) 100vw, 1529px\" \/><\/a><p id=\"caption-attachment-6017\" class=\"wp-caption-text\">Feidhlim (rechts) gewinnt Silber<\/p><\/div>\n<div id=\"attachment_6018\" style=\"width: 560px\" class=\"wp-caption alignnone\"><a href=\"http:\/\/www.budo-do-tameshi.de\/cms\/wp-content\/uploads\/2017\/07\/DSC_0657-2.jpg\"><img decoding=\"async\" aria-describedby=\"caption-attachment-6018\" class=\"size-full wp-image-6018\" title=\"DSC_0657 (2)\" src=\"http:\/\/www.budo-do-tameshi.de\/cms\/wp-content\/uploads\/2017\/07\/DSC_0657-2.jpg\" alt=\"Tanja (links) gewinnt im VK Bronze\" width=\"550\" srcset=\"http:\/\/www.budo-do-tameshi.de\/cms\/wp-content\/uploads\/2017\/07\/DSC_0657-2.jpg 1454w, http:\/\/www.budo-do-tameshi.de\/cms\/wp-content\/uploads\/2017\/07\/DSC_0657-2-300x222.jpg 300w, http:\/\/www.budo-do-tameshi.de\/cms\/wp-content\/uploads\/2017\/07\/DSC_0657-2-1024x760.jpg 1024w\" sizes=\"(max-width: 1454px) 100vw, 1454px\" \/><\/a><p id=\"caption-attachment-6018\" class=\"wp-caption-text\">Tanja (links) gewinnt im VK Bronze<\/p><\/div>\n<div id=\"attachment_6019\" style=\"width: 560px\" class=\"wp-caption alignnone\"><a href=\"http:\/\/www.budo-do-tameshi.de\/cms\/wp-content\/uploads\/2017\/07\/IMG_1054-2.jpg\"><img decoding=\"async\" aria-describedby=\"caption-attachment-6019\" class=\"size-full wp-image-6019\" title=\"IMG_1054 (2)\" src=\"http:\/\/www.budo-do-tameshi.de\/cms\/wp-content\/uploads\/2017\/07\/IMG_1054-2.jpg\" alt=\"Tanja (rechts) gewinnt im LK Gold\" width=\"550\" srcset=\"http:\/\/www.budo-do-tameshi.de\/cms\/wp-content\/uploads\/2017\/07\/IMG_1054-2.jpg 1428w, http:\/\/www.budo-do-tameshi.de\/cms\/wp-content\/uploads\/2017\/07\/IMG_1054-2-300x226.jpg 300w, http:\/\/www.budo-do-tameshi.de\/cms\/wp-content\/uploads\/2017\/07\/IMG_1054-2-1024x774.jpg 1024w\" sizes=\"(max-width: 1428px) 100vw, 1428px\" \/><\/a><p id=\"caption-attachment-6019\" class=\"wp-caption-text\">Tanja (rechts) gewinnt im LK Gold<\/p><\/div>\n<div id=\"attachment_6020\" style=\"width: 560px\" class=\"wp-caption alignnone\"><a href=\"http:\/\/www.budo-do-tameshi.de\/cms\/wp-content\/uploads\/2017\/07\/IMG_1283-4.jpg\"><img decoding=\"async\" aria-describedby=\"caption-attachment-6020\" class=\"size-full wp-image-6020\" title=\"IMG_1283 (4)\" src=\"http:\/\/www.budo-do-tameshi.de\/cms\/wp-content\/uploads\/2017\/07\/IMG_1283-4.jpg\" alt=\"Benjamin (links) gewinnt Silber\" width=\"550 \/&gt;&lt;\/a&gt;&lt;\/dt&gt;&lt;dd class=\" srcset=\"http:\/\/www.budo-do-tameshi.de\/cms\/wp-content\/uploads\/2017\/07\/IMG_1283-4.jpg 1415w, http:\/\/www.budo-do-tameshi.de\/cms\/wp-content\/uploads\/2017\/07\/IMG_1283-4-300x228.jpg 300w, http:\/\/www.budo-do-tameshi.de\/cms\/wp-content\/uploads\/2017\/07\/IMG_1283-4-1024x781.jpg 1024w\" sizes=\"(max-width: 1415px) 100vw, 1415px\" \/><span style=\"color: #000000;\">Benjamin (rechts) gewinnt Silber<\/span><\/a><\/dt>\n<\/dl>\n<\/div>\n<div class=\"mceTemp\">\n<dl id=\"attachment_6021\" class=\"wp-caption alignnone\" style=\"width: 560px;\">\n<dt class=\"wp-caption-dt\"><a href=\"http:\/\/www.budo-do-tameshi.de\/cms\/wp-content\/uploads\/2017\/07\/DSC_0519-2.jpg\"><img decoding=\"async\" aria-describedby=\"caption-attachment-6020\" class=\"size-full wp-image-6021\" title=\"DSC_0519 (2)\" src=\"http:\/\/www.budo-do-tameshi.de\/cms\/wp-content\/uploads\/2017\/07\/DSC_0519-2.jpg\" alt=\"Erfolgreiches BDT Team (Jugend) - 3x Gold, 3x Silber, 4x Bronze und vier 5. Pl\u00e4tze\" width=\"550\" srcset=\"http:\/\/www.budo-do-tameshi.de\/cms\/wp-content\/uploads\/2017\/07\/DSC_0519-2.jpg 1455w, http:\/\/www.budo-do-tameshi.de\/cms\/wp-content\/uploads\/2017\/07\/DSC_0519-2-300x222.jpg 300w, http:\/\/www.budo-do-tameshi.de\/cms\/wp-content\/uploads\/2017\/07\/DSC_0519-2-1024x760.jpg 1024w\" sizes=\"(max-width: 1455px) 100vw, 1455px\" \/><\/a><p id=\"caption-attachment-6020\" class=\"wp-caption-text\">Erfolgreiches BDT Team (Jugend) Gesamt: 3x Gold, 3x Silber, 4x Bronze und vier 5. Pl\u00e4tze<\/p><\/div>\n<div id=\"attachment_6022\" style=\"width: 560px\" class=\"wp-caption alignnone\"><a href=\"http:\/\/www.budo-do-tameshi.de\/cms\/wp-content\/uploads\/2017\/07\/IMG_0718-2.jpg\"><img decoding=\"async\" aria-describedby=\"caption-attachment-6022\" class=\"size-full wp-image-6022\" title=\"IMG_0718 (2)\" src=\"http:\/\/www.budo-do-tameshi.de\/cms\/wp-content\/uploads\/2017\/07\/IMG_0718-2.jpg\" alt=\"Erfolgreiches BDT Team (Erwachsene)\" width=\"550\" srcset=\"http:\/\/www.budo-do-tameshi.de\/cms\/wp-content\/uploads\/2017\/07\/IMG_0718-2.jpg 1439w, http:\/\/www.budo-do-tameshi.de\/cms\/wp-content\/uploads\/2017\/07\/IMG_0718-2-300x225.jpg 300w, http:\/\/www.budo-do-tameshi.de\/cms\/wp-content\/uploads\/2017\/07\/IMG_0718-2-1024x768.jpg 1024w\" sizes=\"(max-width: 1439px) 100vw, 1439px\" \/><\/a><p id=\"caption-attachment-6022\" class=\"wp-caption-text\">Erfolgreiches BDT Team (Erwachsene)<\/p><\/div>\n<p>&nbsp;<\/p>\n","protected":false},"excerpt":{"rendered":"<p>Fotos: Anna-Lena Kuhn &nbsp;<\/p>\n","protected":false},"author":3,"featured_media":0,"parent":94,"menu_order":0,"comment_status":"closed","ping_status":"closed","template":"","meta":{"footnotes":""},"class_list":["post-6024","page","type-page","status-publish","hentry"],"_links":{"self":[{"href":"http:\/\/www.budo-do-tameshi.de\/cms\/wp-json\/wp\/v2\/pages\/6024","targetHints":{"allow":["GET"]}}],"collection":[{"href":"http:\/\/www.budo-do-tameshi.de\/cms\/wp-json\/wp\/v2\/pages"}],"about":[{"href":"http:\/\/www.budo-do-tameshi.de\/cms\/wp-json\/wp\/v2\/types\/page"}],"author":[{"embeddable":true,"href":"http:\/\/www.budo-do-tameshi.de\/cms\/wp-json\/wp\/v2\/users\/3"}],"replies":[{"embeddable":true,"href":"http:\/\/www.budo-do-tameshi.de\/cms\/wp-json\/wp\/v2\/comments?post=6024"}],"version-history":[{"count":4,"href":"http:\/\/www.budo-do-tameshi.de\/cms\/wp-json\/wp\/v2\/pages\/6024\/revisions"}],"predecessor-version":[{"id":6027,"href":"http:\/\/www.budo-do-tameshi.de\/cms\/wp-json\/wp\/v2\/pages\/6024\/revisions\/6027"}],"up":[{"embeddable":true,"href":"http:\/\/www.budo-do-tameshi.de\/cms\/wp-json\/wp\/v2\/pages\/94"}],"wp:attachment":[{"href":"http:\/\/www.budo-do-tameshi.de\/cms\/wp-json\/wp\/v2\/media?parent=6024"}],"curies":[{"name":"wp","href":"https:\/\/api.w.org\/{rel}","templated":true}]}}