{"id":563,"date":"2007-09-28T23:12:42","date_gmt":"2007-09-28T21:12:42","guid":{"rendered":"http:\/\/www.budo-do-tameshi.de\/cms\/?page_id=563"},"modified":"2008-10-15T20:40:02","modified_gmt":"2008-10-15T18:40:02","slug":"deutsche-meisterschaft-2005","status":"publish","type":"page","link":"http:\/\/www.budo-do-tameshi.de\/cms\/fotos\/deutsche-meisterschaft-2005\/","title":{"rendered":"Deutsche Meisterschaft 2005"},"content":{"rendered":"<p><span class=\"foto\">Fotos: Stefan Dintelmann<\/span><\/p>\n<p><img decoding=\"async\" src=\"http:\/\/www.budo-do-tameshi.de\/cms\/wp-content\/uploads\/2007\/09\/dsc_5679.JPG\" alt=\"dsc_5679.JPG\" \/> <img decoding=\"async\" src=\"http:\/\/www.budo-do-tameshi.de\/cms\/wp-content\/uploads\/2007\/09\/dsc_5669.JPG\" alt=\"dsc_5669.JPG\" \/><code>Sporthalle am B\u00f6llenfalltor<\/code><code>Die netten Ladys von der Information<br \/>\n(v.l. Diana, Annina, Christina)<\/code><\/p>\n<p><img decoding=\"async\" src=\"http:\/\/www.budo-do-tameshi.de\/cms\/wp-content\/uploads\/2007\/09\/dsc_5297.JPG\" alt=\"dsc_5297.JPG\" \/> <img decoding=\"async\" src=\"http:\/\/www.budo-do-tameshi.de\/cms\/wp-content\/uploads\/2007\/09\/dsc_5295.JPG\" alt=\"dsc_5295.JPG\" \/><code>Morgens um 9:00 Uhr ging es los<\/code><code>Zwei Tage voller spannender Wettk\u00e4mpfe<\/code><\/p>\n<p><img decoding=\"async\" src=\"http:\/\/www.budo-do-tameshi.de\/cms\/wp-content\/uploads\/2007\/09\/dsc_5683.JPG\" alt=\"dsc_5683.JPG\" \/> <img decoding=\"async\" src=\"http:\/\/www.budo-do-tameshi.de\/cms\/wp-content\/uploads\/2007\/09\/dsc_5664.JPG\" alt=\"dsc_5664.JPG\" \/><code>Objekte der Begierde<\/code><code>Bildregie<\/code><\/p>\n<p><img decoding=\"async\" src=\"http:\/\/www.budo-do-tameshi.de\/cms\/wp-content\/uploads\/2007\/09\/dsc_5302.JPG\" alt=\"dsc_5302.JPG\" \/> <img decoding=\"async\" src=\"http:\/\/www.budo-do-tameshi.de\/cms\/wp-content\/uploads\/2007\/09\/dsc_5533.JPG\" alt=\"dsc_5533.JPG\" \/><code>Kampffl\u00e4che 2 (von links) Falko, Lutz, Michael <\/code><code>Die K\u00e4mpfe sind in vollem Gang<\/code><\/p>\n<p><img decoding=\"async\" src=\"http:\/\/www.budo-do-tameshi.de\/cms\/wp-content\/uploads\/2007\/09\/dsc_5315.jpg\" alt=\"dsc_5315.jpg\" \/> <img decoding=\"async\" src=\"http:\/\/www.budo-do-tameshi.de\/cms\/wp-content\/uploads\/2007\/09\/dsc_5324.JPG\" alt=\"dsc_5324.JPG\" \/><code>Jimmy + Oliver<\/code><code>Kurze Anweisungen (Oliver, Thomas)<\/code><\/p>\n<p><img decoding=\"async\" src=\"http:\/\/www.budo-do-tameshi.de\/cms\/wp-content\/uploads\/2007\/09\/dsc_5331.JPG\" alt=\"dsc_5331.JPG\" \/> <img decoding=\"async\" src=\"http:\/\/www.budo-do-tameshi.de\/cms\/wp-content\/uploads\/2007\/09\/dsc_5358.JPG\" alt=\"dsc_5358.JPG\" \/><code>Thomas (links) ist schneller<\/code><code>Thomas macht Druck<\/code><\/p>\n<p><img decoding=\"async\" src=\"http:\/\/www.budo-do-tameshi.de\/cms\/wp-content\/uploads\/2007\/09\/dsc_5380.JPG\" alt=\"dsc_5380.JPG\" \/> <img decoding=\"async\" src=\"http:\/\/www.budo-do-tameshi.de\/cms\/wp-content\/uploads\/2007\/09\/dsc_5406.JPG\" alt=\"dsc_5406.JPG\" \/><code>Jimmy + Jessica, volle Konzentration<\/code><code>Jessica (links) mit Sidekick<\/code><\/p>\n<p><img decoding=\"async\" src=\"http:\/\/www.budo-do-tameshi.de\/cms\/wp-content\/uploads\/2007\/09\/dsc_5415.JPG\" alt=\"dsc_5415.JPG\" \/> <img decoding=\"async\" src=\"http:\/\/www.budo-do-tameshi.de\/cms\/wp-content\/uploads\/2007\/09\/dsc_5418.JPG\" alt=\"dsc_5418.JPG\" \/><code>Klarer Sieg f\u00fcr Jessica<\/code><code>Alex verliert<\/code><\/p>\n<p><img decoding=\"async\" src=\"http:\/\/www.budo-do-tameshi.de\/cms\/wp-content\/uploads\/2007\/09\/dsc_5436.JPG\" alt=\"dsc_5436.JPG\" \/> <img decoding=\"async\" src=\"http:\/\/www.budo-do-tameshi.de\/cms\/wp-content\/uploads\/2007\/09\/dsc_5442.JPG\" alt=\"dsc_5442.JPG\" \/><code>Jessica (links) mit Roundkick<\/code><code>Harter Fight zwischen Jessica (rechts) und Sabine Seifert<\/code><\/p>\n<p><img decoding=\"async\" src=\"http:\/\/www.budo-do-tameshi.de\/cms\/wp-content\/uploads\/2007\/09\/dsc_5481.JPG\" alt=\"dsc_5481.JPG\" \/> <img decoding=\"async\" src=\"http:\/\/www.budo-do-tameshi.de\/cms\/wp-content\/uploads\/2007\/09\/dsc_5559.JPG\" alt=\"dsc_5559.JPG\" \/><code>Jana siegt<\/code><code>Jana mit Frontkick<\/code><\/p>\n<p><img decoding=\"async\" src=\"http:\/\/www.budo-do-tameshi.de\/cms\/wp-content\/uploads\/2007\/09\/dsc_5488.JPG\" alt=\"dsc_5488.JPG\" \/> <img decoding=\"async\" src=\"http:\/\/www.budo-do-tameshi.de\/cms\/wp-content\/uploads\/2007\/09\/dsc_5493.JPG\" alt=\"dsc_5493.JPG\" \/><code>Tim mit der Faust<\/code><code>Tim trifft<\/code><\/p>\n<p><img decoding=\"async\" src=\"http:\/\/www.budo-do-tameshi.de\/cms\/wp-content\/uploads\/2007\/09\/dsc_5506.JPG\" alt=\"dsc_5506.JPG\" \/> <img decoding=\"async\" src=\"http:\/\/www.budo-do-tameshi.de\/cms\/wp-content\/uploads\/2007\/09\/dsc_5528.JPG\" alt=\"dsc_5528.JPG\" \/><code>Kurze Anweisungen (v.l. Oliver, Jimmy, Tim)<\/code><code>Tim verliert knapp<\/code><\/p>\n<p><img decoding=\"async\" src=\"http:\/\/www.budo-do-tameshi.de\/cms\/wp-content\/uploads\/2007\/09\/dsc_5565.jpg\" alt=\"dsc_5565.jpg\" \/> <img decoding=\"async\" src=\"http:\/\/www.budo-do-tameshi.de\/cms\/wp-content\/uploads\/2007\/09\/dsc_5570.JPG\" alt=\"dsc_5570.JPG\" \/><code>Fabian (rechts) mit Kick<\/code><code>Kampfpause (Fabian + Oliver)<\/code><\/p>\n<p><img decoding=\"async\" src=\"http:\/\/www.budo-do-tameshi.de\/cms\/wp-content\/uploads\/2007\/09\/dsc_5587.JPG\" alt=\"dsc_5587.JPG\" \/><img decoding=\"async\" src=\"http:\/\/www.budo-do-tameshi.de\/cms\/wp-content\/uploads\/2007\/09\/dsc_5653.JPG\" alt=\"dsc_5653.JPG\" \/><code>Voll mit Sidekick gestoppt<\/code><code>Tobias verliert<\/code><\/p>\n<p><img decoding=\"async\" src=\"http:\/\/www.budo-do-tameshi.de\/cms\/wp-content\/uploads\/2007\/09\/dsc_5691.JPG\" alt=\"dsc_5691.JPG\" \/> <img decoding=\"async\" src=\"http:\/\/www.budo-do-tameshi.de\/cms\/wp-content\/uploads\/2007\/09\/dsc_5711.JPG\" alt=\"dsc_5711.JPG\" \/><code>Weltmeister Peter Harbrecht (links) erh\u00e4lt von Peter Zaar den 4. Meistergrad<\/code><code>Zuschauer sind voll dabei <\/code><\/p>\n<p><img decoding=\"async\" src=\"http:\/\/www.budo-do-tameshi.de\/cms\/wp-content\/uploads\/2007\/09\/dsc_5716.JPG\" alt=\"dsc_5716.JPG\" \/> <img decoding=\"async\" src=\"http:\/\/www.budo-do-tameshi.de\/cms\/wp-content\/uploads\/2007\/09\/dsc_5717.JPG\" alt=\"dsc_5717.JPG\" \/><code>Finalisten LK<\/code><code>Finalisten LK<\/code><\/p>\n<p><img decoding=\"async\" src=\"http:\/\/www.budo-do-tameshi.de\/cms\/wp-content\/uploads\/2007\/09\/dsc_5824.JPG\" alt=\"dsc_5824.JPG\" \/> <img decoding=\"async\" src=\"http:\/\/www.budo-do-tameshi.de\/cms\/wp-content\/uploads\/2007\/09\/dsc_6097.JPG\" alt=\"dsc_6097.JPG\" \/><code>Die Turnierleitung + Werner sind zufrieden, das System l\u00e4uft problemlos. <\/code><code>Hallensprecher Reiner(links) und Emmanoel fachsimpeln.<\/code><\/p>\n<p><img decoding=\"async\" src=\"http:\/\/www.budo-do-tameshi.de\/cms\/wp-content\/uploads\/2007\/09\/dsc_5956.JPG\" alt=\"dsc_5956.JPG\" \/> <img decoding=\"async\" src=\"http:\/\/www.budo-do-tameshi.de\/cms\/wp-content\/uploads\/2007\/09\/dsc_5979.JPG\" alt=\"dsc_5979.JPG\" \/><code>Thomas wird von Azer getroffen <\/code><code>Ein Punkt hat gefehlt - Silber f\u00fcr Thomas <\/code><\/p>\n<p><img decoding=\"async\" src=\"http:\/\/www.budo-do-tameshi.de\/cms\/wp-content\/uploads\/2007\/09\/dsc_5796.JPG\" alt=\"dsc_5796.JPG\" \/> <img decoding=\"async\" src=\"http:\/\/www.budo-do-tameshi.de\/cms\/wp-content\/uploads\/2007\/09\/dsc_5811.JPG\" alt=\"dsc_5811.JPG\" \/><code>Jessica gewinnt Bronze<\/code><code>Jana gewinnt Bronze<\/code><\/p>\n<p><img decoding=\"async\" src=\"http:\/\/www.budo-do-tameshi.de\/cms\/wp-content\/uploads\/2007\/09\/dsc_6177.JPG\" alt=\"dsc_6177.JPG\" \/> <img decoding=\"async\" src=\"http:\/\/www.budo-do-tameshi.de\/cms\/wp-content\/uploads\/2007\/09\/dsc_6191.JPG\" alt=\"dsc_6191.JPG\" \/><code>\u00dcberlegener Sieg<\/code><code>Gold f\u00fcr Fabian bis 89 Kilogramm<\/code><\/p>\n","protected":false},"excerpt":{"rendered":"<p>Fotos: Stefan Dintelmann Sporthalle am B\u00f6llenfalltorDie netten Ladys von der Information (v.l. Diana, Annina, Christina) Morgens um 9:00 Uhr ging es losZwei Tage voller spannender Wettk\u00e4mpfe Objekte der BegierdeBildregie Kampffl\u00e4che 2 (von links) Falko, Lutz, Michael Die K\u00e4mpfe sind in vollem Gang Jimmy + OliverKurze Anweisungen (Oliver, Thomas) Thomas (links) ist schnellerThomas macht Druck Jimmy [&hellip;]<\/p>\n","protected":false},"author":2,"featured_media":0,"parent":94,"menu_order":0,"comment_status":"open","ping_status":"open","template":"","meta":{"footnotes":""},"class_list":["post-563","page","type-page","status-publish","hentry"],"_links":{"self":[{"href":"http:\/\/www.budo-do-tameshi.de\/cms\/wp-json\/wp\/v2\/pages\/563","targetHints":{"allow":["GET"]}}],"collection":[{"href":"http:\/\/www.budo-do-tameshi.de\/cms\/wp-json\/wp\/v2\/pages"}],"about":[{"href":"http:\/\/www.budo-do-tameshi.de\/cms\/wp-json\/wp\/v2\/types\/page"}],"author":[{"embeddable":true,"href":"http:\/\/www.budo-do-tameshi.de\/cms\/wp-json\/wp\/v2\/users\/2"}],"replies":[{"embeddable":true,"href":"http:\/\/www.budo-do-tameshi.de\/cms\/wp-json\/wp\/v2\/comments?post=563"}],"version-history":[{"count":0,"href":"http:\/\/www.budo-do-tameshi.de\/cms\/wp-json\/wp\/v2\/pages\/563\/revisions"}],"up":[{"embeddable":true,"href":"http:\/\/www.budo-do-tameshi.de\/cms\/wp-json\/wp\/v2\/pages\/94"}],"wp:attachment":[{"href":"http:\/\/www.budo-do-tameshi.de\/cms\/wp-json\/wp\/v2\/media?parent=563"}],"curies":[{"name":"wp","href":"https:\/\/api.w.org\/{rel}","templated":true}]}}