{"id":486,"date":"2007-09-24T14:10:53","date_gmt":"2007-09-24T12:10:53","guid":{"rendered":"http:\/\/www.budo-do-tameshi.de\/cms\/?page_id=486"},"modified":"2007-09-30T19:42:57","modified_gmt":"2007-09-30T17:42:57","slug":"wm-2007-abschlusstraining-in-darmstadt","status":"publish","type":"page","link":"http:\/\/www.budo-do-tameshi.de\/cms\/fotos\/wm-2007-abschlusstraining-in-darmstadt\/","title":{"rendered":"WM 2007 Abschlusstraining in Darmstadt"},"content":{"rendered":"<p><span class=\"foto\">Fotos: Bernd Preu\u00df<\/span><\/p>\n<p><img decoding=\"async\" src=\"http:\/\/www.budo-do-tameshi.de\/cms\/wp-content\/uploads\/2007\/09\/012.jpg\" alt=\"012.jpg\" \/><span class=\"bildunterschrift\">Partnerarbeit<\/span><br clear=\"all\" \/><img decoding=\"async\" src=\"http:\/\/www.budo-do-tameshi.de\/cms\/wp-content\/uploads\/2007\/09\/wmkadertrainingdajimmy.jpg\" alt=\"wmkadertrainingdajimmy.jpg\" \/> <img decoding=\"async\" src=\"http:\/\/www.budo-do-tameshi.de\/cms\/wp-content\/uploads\/2007\/09\/wmkadertrainingdapartner.jpg\" alt=\"wmkadertrainingdapartner.jpg\" \/><code>Jimmy erkl\u00e4rt<\/code><code>Partnerarbeit<\/code><\/p>\n<p><img decoding=\"async\" src=\"http:\/\/www.budo-do-tameshi.de\/cms\/wp-content\/uploads\/2007\/09\/img_2105.JPG\" alt=\"img_2105.JPG\" \/><span class=\"bildunterschrift\">Partnerarbeit<\/span><br clear=\"all\" \/><img decoding=\"async\" src=\"http:\/\/www.budo-do-tameshi.de\/cms\/wp-content\/uploads\/2007\/09\/img_2120.JPG\" alt=\"img_2120.JPG\" \/><span class=\"bildunterschrift\">Franzi + Katja im Ring<\/span><br clear=\"all\" \/><img decoding=\"async\" src=\"http:\/\/www.budo-do-tameshi.de\/cms\/wp-content\/uploads\/2007\/09\/wmkadertrainingda2partne.jpg\" alt=\"wmkadertrainingda2partne.jpg\" \/> <img decoding=\"async\" src=\"http:\/\/www.budo-do-tameshi.de\/cms\/wp-content\/uploads\/2007\/09\/wmkadertrainingdasparrin.jpg\" alt=\"wmkadertrainingdasparrin.jpg\" \/><code>Yamile + Jessica<\/code><code>Katja + Franzi im Sparring<\/code><\/p>\n<p><img decoding=\"async\" src=\"http:\/\/www.budo-do-tameshi.de\/cms\/wp-content\/uploads\/2007\/09\/img_2161.JPG\" alt=\"img_2161.JPG\" width=\"270\" \/> <img decoding=\"async\" src=\"http:\/\/www.budo-do-tameshi.de\/cms\/wp-content\/uploads\/2007\/09\/img_2320.JPG\" alt=\"img_2320.JPG\" width=\"270\" \/><code>Kleine St\u00e4rkung<\/code><code>Christian macht sich Startklar<\/code><\/p>\n<p><img decoding=\"async\" src=\"http:\/\/www.budo-do-tameshi.de\/cms\/wp-content\/uploads\/2007\/09\/img_2307.JPG\" alt=\"img_2307.JPG\" \/><span class=\"bildunterschrift\">Sebih<\/span><br clear=\"all\" \/><img decoding=\"async\" src=\"http:\/\/www.budo-do-tameshi.de\/cms\/wp-content\/uploads\/2007\/09\/img_2128.JPG\" alt=\"img_2128.JPG\" \/> <img decoding=\"async\" src=\"http:\/\/www.budo-do-tameshi.de\/cms\/wp-content\/uploads\/2007\/09\/img_2134.JPG\" alt=\"img_2134.JPG\" \/><code>Partnerarbeit \u00e2\u20ac\u201c Fabian + Stefan<\/code><code>Stefan + Fabian<\/code><\/p>\n<p><img decoding=\"async\" src=\"http:\/\/www.budo-do-tameshi.de\/cms\/wp-content\/uploads\/2007\/09\/img_2291.JPG\" alt=\"img_2291.JPG\" \/><span class=\"bildunterschrift\">Kurze Entspannung<\/span><br clear=\"all\" \/><img decoding=\"async\" src=\"http:\/\/www.budo-do-tameshi.de\/cms\/wp-content\/uploads\/2007\/09\/wmkadertrainingda5partne.jpg\" alt=\"wmkadertrainingda5partne.jpg\" \/> <img decoding=\"async\" src=\"http:\/\/www.budo-do-tameshi.de\/cms\/wp-content\/uploads\/2007\/09\/wmkadertrainingda6sparri.jpg\" alt=\"wmkadertrainingda6sparri.jpg\" \/><code>Sebih + Katja<\/code><code>Europameister Stefan B\u00fccker + Fabian im Sparring<\/code><\/p>\n<p><img decoding=\"async\" src=\"http:\/\/www.budo-do-tameshi.de\/cms\/wp-content\/uploads\/2007\/09\/img_2069.JPG\" alt=\"img_2069.JPG\" \/> <img decoding=\"async\" src=\"http:\/\/www.budo-do-tameshi.de\/cms\/wp-content\/uploads\/2007\/09\/img_2312.JPG\" alt=\"img_2312.JPG\" \/><code>Michael Beobachtet<\/code><code>\"Endlich mal wieder richtig Geschwitzt...\"<\/code><\/p>\n<p><img decoding=\"async\" src=\"http:\/\/www.budo-do-tameshi.de\/cms\/wp-content\/uploads\/2007\/09\/wmkadertrainingdajessica.jpg\" alt=\"wmkadertrainingdajessica.jpg\" \/> <img decoding=\"async\" src=\"http:\/\/www.budo-do-tameshi.de\/cms\/wp-content\/uploads\/2007\/09\/wmkadertrainingda2jessic.jpg\" alt=\"wmkadertrainingda2jessic.jpg\" \/><code>Sebih + Jessica<\/code><code>Jessica kickt<\/code><\/p>\n<p><img decoding=\"async\" src=\"http:\/\/www.budo-do-tameshi.de\/cms\/wp-content\/uploads\/2007\/09\/wmkadertrainingdake.jpg\" alt=\"wmkadertrainingdake.jpg\" \/> <img decoding=\"async\" src=\"http:\/\/www.budo-do-tameshi.de\/cms\/wp-content\/uploads\/2007\/09\/wmkadertrainingda1.jpg\" alt=\"wmkadertrainingda1.jpg\" \/><code>Fabian (links) + Kenan im Sparring<\/code><code>Partnerarbeit<\/code><\/p>\n<p><img decoding=\"async\" src=\"http:\/\/www.budo-do-tameshi.de\/cms\/wp-content\/uploads\/2007\/09\/bdtteam.jpg\" alt=\"bdtteam.jpg\" \/><span class=\"bildunterschrift\">(von links) Jimmy, Jessica , Fabian und Oliver <\/span><\/p>\n","protected":false},"excerpt":{"rendered":"<p>Fotos: Bernd Preu\u00df Partnerarbeit Jimmy erkl\u00e4rtPartnerarbeit PartnerarbeitFranzi + Katja im Ring Yamile + JessicaKatja + Franzi im Sparring Kleine St\u00e4rkungChristian macht sich Startklar Sebih Partnerarbeit \u00e2\u20ac\u201c Fabian + StefanStefan + Fabian Kurze Entspannung Sebih + KatjaEuropameister Stefan B\u00fccker + Fabian im Sparring Michael Beobachtet&#8220;Endlich mal wieder richtig Geschwitzt&#8230;&#8220; Sebih + JessicaJessica kickt Fabian (links) + [&hellip;]<\/p>\n","protected":false},"author":2,"featured_media":0,"parent":94,"menu_order":0,"comment_status":"open","ping_status":"open","template":"","meta":{"footnotes":""},"class_list":["post-486","page","type-page","status-publish","hentry"],"_links":{"self":[{"href":"http:\/\/www.budo-do-tameshi.de\/cms\/wp-json\/wp\/v2\/pages\/486","targetHints":{"allow":["GET"]}}],"collection":[{"href":"http:\/\/www.budo-do-tameshi.de\/cms\/wp-json\/wp\/v2\/pages"}],"about":[{"href":"http:\/\/www.budo-do-tameshi.de\/cms\/wp-json\/wp\/v2\/types\/page"}],"author":[{"embeddable":true,"href":"http:\/\/www.budo-do-tameshi.de\/cms\/wp-json\/wp\/v2\/users\/2"}],"replies":[{"embeddable":true,"href":"http:\/\/www.budo-do-tameshi.de\/cms\/wp-json\/wp\/v2\/comments?post=486"}],"version-history":[{"count":0,"href":"http:\/\/www.budo-do-tameshi.de\/cms\/wp-json\/wp\/v2\/pages\/486\/revisions"}],"up":[{"embeddable":true,"href":"http:\/\/www.budo-do-tameshi.de\/cms\/wp-json\/wp\/v2\/pages\/94"}],"wp:attachment":[{"href":"http:\/\/www.budo-do-tameshi.de\/cms\/wp-json\/wp\/v2\/media?parent=486"}],"curies":[{"name":"wp","href":"https:\/\/api.w.org\/{rel}","templated":true}]}}