{"id":260,"date":"2007-08-23T20:36:20","date_gmt":"2007-08-23T18:36:20","guid":{"rendered":"http:\/\/www.budo-do-tameshi.de\/cms\/?page_id=260"},"modified":"2009-12-08T11:24:32","modified_gmt":"2009-12-08T09:24:32","slug":"schnappschusse","status":"publish","type":"page","link":"http:\/\/www.budo-do-tameshi.de\/cms\/fotos\/schnappschusse\/","title":{"rendered":"Schnappsch\u00fcsse"},"content":{"rendered":"<p><span class=\"foto\">Fotos: Bernd Preu\u00df<\/span><\/p>\n<p><img src='http:\/\/www.budo-do-tameshi.de\/cms\/wp-content\/uploads\/2009\/12\/0812dsc_7624.jpg' alt='0812dsc_7624.jpg' \/><code>...was guckst Du?!?...<\/code><br clear=\"all\"><img decoding=\"async\" src=\"http:\/\/www.budo-do-tameshi.de\/cms\/wp-content\/uploads\/2007\/08\/dm_07_nachwuchsarbeit.jpg\" alt=\"dm_07_nachwuchsarbeit.jpg\" \/> <img decoding=\"async\" src=\"http:\/\/www.budo-do-tameshi.de\/cms\/wp-content\/uploads\/2007\/08\/dm_07_nachwuchsarbeit_2.jpg\" alt=\"dm_07_nachwuchsarbeit_2.jpg\" \/><code>Fr\u00fch \u00fcbt sich...<\/code><code>Fr\u00fch \u00fcbt sich...<\/code><\/p>\n<p><img decoding=\"async\" src=\"http:\/\/www.budo-do-tameshi.de\/cms\/wp-content\/uploads\/2007\/08\/hm2007_neuer_mundschutz.jpg\" alt=\"hm2007_neuer_mundschutz.jpg\" \/> <img decoding=\"async\" src=\"http:\/\/www.budo-do-tameshi.de\/cms\/wp-content\/uploads\/2007\/08\/kindertraining_07_anna-lena_frosch.jpg\" alt=\"kindertraining_07_anna-lena_frosch.jpg\" \/><code>Neuer Mundschutz... <\/code><code>Froschtechnik...<\/code><\/p>\n<p><img decoding=\"async\" src=\"http:\/\/www.budo-do-tameshi.de\/cms\/wp-content\/uploads\/2007\/08\/kindertraining_07_einzel_jacqueline.jpg\" alt=\"kindertraining_07_einzel_jacqueline.jpg\" \/> <img decoding=\"async\" src=\"http:\/\/www.budo-do-tameshi.de\/cms\/wp-content\/uploads\/2007\/08\/mentale_kampfvorbereitungimg_0514.jpg\" alt=\"mentale_kampfvorbereitungimg_0514.jpg\" \/><code>Voll ausger\u00fcstet...<\/code><code>Mentale Kampfvorbereitung<\/code><\/p>\n<p><img decoding=\"async\" src=\"http:\/\/www.budo-do-tameshi.de\/cms\/wp-content\/uploads\/2007\/09\/img_2167.JPG\" alt=\"img_2167.JPG\" \/> <img decoding=\"async\" src=\"http:\/\/www.budo-do-tameshi.de\/cms\/wp-content\/uploads\/2007\/09\/img_2272.JPG\" alt=\"img_2272.JPG\" \/><code>Fu\u00dfpflege<\/code><code>\"Ordnung ist das halbe Leben...\"<\/code><\/p>\n<p><img decoding=\"async\" src=\"http:\/\/www.budo-do-tameshi.de\/cms\/wp-content\/uploads\/2007\/10\/manustrophy07kiebitze.JPG\" alt=\"manustrophy07kiebitze.JPG\" \/><span class=\"bildunterschrift\">&#8222;Kleine Kiebitze&#8230;&#8220;<\/span><\/p>\n<p><img decoding=\"async\" src=\"http:\/\/www.budo-do-tameshi.de\/cms\/wp-content\/uploads\/2007\/10\/img_0132_jawo.jpg\" alt=\"img_0132_jawo.jpg\" \/><span class=\"bildunterschrift\">&#8222;Ja wo k\u00e4mpfen sie denn&#8230;&#8220;<\/span><br clear=\"all\" \/><img decoding=\"async\" src=\"http:\/\/www.budo-do-tameshi.de\/cms\/wp-content\/uploads\/2007\/10\/img_0194.JPG\" alt=\"img_0194.JPG\" \/> <img decoding=\"async\" src=\"http:\/\/www.budo-do-tameshi.de\/cms\/wp-content\/uploads\/2007\/10\/img_0197.JPG\" alt=\"img_0197.JPG\" \/><code>\"Alles meins...\"<\/code><code>\"Alles meins...\"<\/code><\/p>\n<p><img decoding=\"async\" src=\"http:\/\/www.budo-do-tameshi.de\/cms\/wp-content\/uploads\/2007\/10\/img_0030.JPG\" alt=\"img_0030.JPG\" \/><span class=\"bildunterschrift\">&#8222;Der n\u00e4chste bitte&#8230;&#8220;<\/span><br clear=\"all\" \/><img decoding=\"async\" src=\"http:\/\/www.budo-do-tameshi.de\/cms\/wp-content\/uploads\/2007\/10\/img_ss_0280.jpg\" alt=\"img_ss_0280.jpg\" \/> <img decoding=\"async\" src=\"http:\/\/www.budo-do-tameshi.de\/cms\/wp-content\/uploads\/2007\/10\/img_ss_0033.jpg\" alt=\"img_ss_0033.jpg\" \/><code>\"Mentales Training...\"<\/code><code>\"...ist mir ja schon etwas peinlich wenn die Sch\u00fcler in aller \u00d6ffentlichkeit so vor mir knien....\"<\/code><br \/>\n<br clear=\"all\" \/><br \/>\n<img decoding=\"async\" src=\"http:\/\/www.budo-do-tameshi.de\/cms\/wp-content\/uploads\/2007\/12\/img_00328_s.jpg\" alt=\"img_00328_s.jpg\" \/><span class=\"bildunterschrift\">&#8222;volle Deckung&#8230;&#8220;<\/span><\/p>\n<p><img decoding=\"async\" src=\"http:\/\/www.budo-do-tameshi.de\/cms\/wp-content\/uploads\/2008\/07\/ss08_mg_3399.jpg\" alt=\"ss08_mg_3399.jpg\" \/><span class=\"bildunterschrift\">Still \u00e2\u20ac\u201c Leben mit WoK<\/span><\/p>\n<p><img decoding=\"async\" src=\"http:\/\/www.budo-do-tameshi.de\/cms\/wp-content\/uploads\/2008\/07\/ss08_mg_0234.jpg\" alt=\"ss08_mg_0234.jpg\" \/><span class=\"bildunterschrift\">&#8230;Nachwuchsarbeit<\/span><\/p>\n<p><img decoding=\"async\" src=\"http:\/\/www.budo-do-tameshi.de\/cms\/wp-content\/uploads\/2008\/07\/ss08_mg_0198.jpg\" alt=\"ss08_mg_0198.jpg\" \/><span class=\"bildunterschrift\">&#8230;ich nehme den Linken und Du den Rechten<\/span><br clear=\"all\"\/><\/p>\n","protected":false},"excerpt":{"rendered":"<p>Fotos: Bernd Preu\u00df &#8230;was guckst Du?!?&#8230; Fr\u00fch \u00fcbt sich&#8230;Fr\u00fch \u00fcbt sich&#8230; Neuer Mundschutz&#8230; Froschtechnik&#8230; Voll ausger\u00fcstet&#8230;Mentale Kampfvorbereitung Fu\u00dfpflege&#8220;Ordnung ist das halbe Leben&#8230;&#8220; &#8222;Kleine Kiebitze&#8230;&#8220; &#8222;Ja wo k\u00e4mpfen sie denn&#8230;&#8220; &#8222;Alles meins&#8230;&#8220;&#8220;Alles meins&#8230;&#8220; &#8222;Der n\u00e4chste bitte&#8230;&#8220; &#8222;Mentales Training&#8230;&#8220;&#8220;&#8230;ist mir ja schon etwas peinlich wenn die Sch\u00fcler in aller \u00d6ffentlichkeit so vor mir knien&#8230;.&#8220; &#8222;volle Deckung&#8230;&#8220; Still [&hellip;]<\/p>\n","protected":false},"author":2,"featured_media":0,"parent":94,"menu_order":0,"comment_status":"open","ping_status":"open","template":"","meta":{"footnotes":""},"class_list":["post-260","page","type-page","status-publish","hentry"],"_links":{"self":[{"href":"http:\/\/www.budo-do-tameshi.de\/cms\/wp-json\/wp\/v2\/pages\/260","targetHints":{"allow":["GET"]}}],"collection":[{"href":"http:\/\/www.budo-do-tameshi.de\/cms\/wp-json\/wp\/v2\/pages"}],"about":[{"href":"http:\/\/www.budo-do-tameshi.de\/cms\/wp-json\/wp\/v2\/types\/page"}],"author":[{"embeddable":true,"href":"http:\/\/www.budo-do-tameshi.de\/cms\/wp-json\/wp\/v2\/users\/2"}],"replies":[{"embeddable":true,"href":"http:\/\/www.budo-do-tameshi.de\/cms\/wp-json\/wp\/v2\/comments?post=260"}],"version-history":[{"count":0,"href":"http:\/\/www.budo-do-tameshi.de\/cms\/wp-json\/wp\/v2\/pages\/260\/revisions"}],"up":[{"embeddable":true,"href":"http:\/\/www.budo-do-tameshi.de\/cms\/wp-json\/wp\/v2\/pages\/94"}],"wp:attachment":[{"href":"http:\/\/www.budo-do-tameshi.de\/cms\/wp-json\/wp\/v2\/media?parent=260"}],"curies":[{"name":"wp","href":"https:\/\/api.w.org\/{rel}","templated":true}]}}