{"id":22,"date":"2007-06-21T12:51:22","date_gmt":"2007-06-21T10:51:22","guid":{"rendered":"http:\/\/www.budo-do-tameshi.de\/cms\/?page_id=22"},"modified":"2023-12-21T18:36:48","modified_gmt":"2023-12-21T17:36:48","slug":"zeit-ort","status":"publish","type":"page","link":"http:\/\/www.budo-do-tameshi.de\/cms\/training\/zeit-ort\/","title":{"rendered":"Trainingszeiten &#038; Trainingsort"},"content":{"rendered":"<p><strong>TRAININGSORT <\/strong><\/p>\n<p>Schillerschule<br \/>\nM\u00fcllerstra\u00dfe 11-13<br \/>\n64289 Darmstadt<\/p>\n<p><img decoding=\"async\" src=\"http:\/\/www.budo-do-tameshi.de\/cms\/wp-content\/uploads\/2007\/08\/plan22.jpg\" alt=\"plan22.jpg\" \/><\/p>\n<p>Zu erreichen mit \u00f6ffentliche Verkehrsmittel:<br \/>\nH Bus (Haltestelle Kopernikusplatz)<br \/>\nL Bus (Haltestelle Heinheimerstra\u00dfe)<\/p>\n<p><strong>Wegbeschreibung (von der Autobahn A5):<\/strong><br \/>\nBAB 5 &gt; Ausfahrt: Darmstadt \/ Weiterstadt &gt; Stadtmitte (Gr\u00e4fenh\u00e4user Str.) &gt; 3. Ampel links &gt; Otto-R\u00f6hm-Str. &gt; n\u00e4chste Ampel links (Richtung DA-Arheiligen) &gt; Carl-Schenk-Ring &gt; n\u00e4chste Ampel rechts (Frankfurter Str.) &gt; n\u00e4chste Ampel links &gt; R\u00f6hnring &gt; 3. Ampel rechts (Heinheimer Str.) &gt; 4. Stra\u00dfe rechts in die M\u00fcllerstr. &gt; ca. 200 Meter auf der linken Seite Schillerschule \/ Turnhalle (\u00fcber den Schulhof \/Bitte nicht im Hof Parken).<\/p>\n<p><strong>TRAININGSZEITEN<\/strong><\/p>\n<p>Mo. 18:00-19:30 Jugend \/ 20:00-22:00 Uhr Erwachsen<br \/>\nDi. 18:00-19:30 Kinder \/ 19:30-21:30 Uhr Erwachsene<br \/>\nMi. 18:00-19:30 Jugend \/ 20:00-22:00 Uhr Erwachsene<br \/>\nDo. 18:00-19:30 Kinder \/ 19:30-21:30 Uhr Erwachsene<br \/>\nFr. 18:00-19:30 Jugend \/ 20:00-22:00 Uhr Erwachsen<\/p>\n<p>Kindertraining ab 6 Jahre, Jugendtraining ab 12 Jahre<br \/>\n(In den Schulferien gibt es f\u00fcr Kinder und Jugendliche kein Training).<br \/>\nErwachsenentraining ab 16 Jahre auch in den Schulferien.<\/p>\n","protected":false},"excerpt":{"rendered":"<p>TRAININGSORT Schillerschule M\u00fcllerstra\u00dfe 11-13 64289 Darmstadt Zu erreichen mit \u00f6ffentliche Verkehrsmittel: H Bus (Haltestelle Kopernikusplatz) L Bus (Haltestelle Heinheimerstra\u00dfe) Wegbeschreibung (von der Autobahn A5): BAB 5 &gt; Ausfahrt: Darmstadt \/ Weiterstadt &gt; Stadtmitte (Gr\u00e4fenh\u00e4user Str.) &gt; 3. Ampel links &gt; Otto-R\u00f6hm-Str. &gt; n\u00e4chste Ampel links (Richtung DA-Arheiligen) &gt; Carl-Schenk-Ring &gt; n\u00e4chste Ampel rechts (Frankfurter Str.) [&hellip;]<\/p>\n","protected":false},"author":2,"featured_media":0,"parent":11,"menu_order":0,"comment_status":"open","ping_status":"open","template":"","meta":{"footnotes":""},"class_list":["post-22","page","type-page","status-publish","hentry"],"_links":{"self":[{"href":"http:\/\/www.budo-do-tameshi.de\/cms\/wp-json\/wp\/v2\/pages\/22","targetHints":{"allow":["GET"]}}],"collection":[{"href":"http:\/\/www.budo-do-tameshi.de\/cms\/wp-json\/wp\/v2\/pages"}],"about":[{"href":"http:\/\/www.budo-do-tameshi.de\/cms\/wp-json\/wp\/v2\/types\/page"}],"author":[{"embeddable":true,"href":"http:\/\/www.budo-do-tameshi.de\/cms\/wp-json\/wp\/v2\/users\/2"}],"replies":[{"embeddable":true,"href":"http:\/\/www.budo-do-tameshi.de\/cms\/wp-json\/wp\/v2\/comments?post=22"}],"version-history":[{"count":4,"href":"http:\/\/www.budo-do-tameshi.de\/cms\/wp-json\/wp\/v2\/pages\/22\/revisions"}],"predecessor-version":[{"id":8035,"href":"http:\/\/www.budo-do-tameshi.de\/cms\/wp-json\/wp\/v2\/pages\/22\/revisions\/8035"}],"up":[{"embeddable":true,"href":"http:\/\/www.budo-do-tameshi.de\/cms\/wp-json\/wp\/v2\/pages\/11"}],"wp:attachment":[{"href":"http:\/\/www.budo-do-tameshi.de\/cms\/wp-json\/wp\/v2\/media?parent=22"}],"curies":[{"name":"wp","href":"https:\/\/api.w.org\/{rel}","templated":true}]}}