{"id":1826,"date":"2011-02-05T17:34:21","date_gmt":"2011-02-05T15:34:21","guid":{"rendered":"http:\/\/www.budo-do-tameshi.de\/cms\/"},"modified":"2023-12-21T18:29:44","modified_gmt":"2023-12-21T17:29:44","slug":"vereinslogo","status":"publish","type":"page","link":"http:\/\/www.budo-do-tameshi.de\/cms\/verein\/vereinslogo\/","title":{"rendered":"Vereinslogo"},"content":{"rendered":"<p>Das Logo unseres Vereins ist interessant und vielschichtig. Es basiert auf dem Kreis, als Symbol f\u00fcr das Streben nach Vollkommenheit.<br \/>\n<br clear=\"all\" \/><\/p>\n<div align=\"center\"><img loading=\"lazy\" decoding=\"async\" class=\"noborder\" title=\"BDT-Logo-Ansicht\" src=\"http:\/\/www.budo-do-tameshi.de\/cms\/wp-content\/uploads\/2011\/02\/BDT-Logo-Ansicht.jpg\" alt=\"\" width=\"300\" height=\"300\" \/><\/div>\n<p><br clear=\"all\" \/><br \/>\nIm Mittelpunkt des Logos stehen die stilisierten Symbole f\u00fcr <strong>Jin<\/strong> und <strong>Jang<\/strong>. Die verwendeten Farben <strong>Rot<\/strong> und <strong>Blau<\/strong> sind unsere Vereinsfarben. Jin und Jang sind die Symbole f\u00fcr Gegens\u00e4tzlichkeit, Polarit\u00e4t, wie z.B. stark und schwach, gleich und ungleich, weiblich und m\u00e4nnlich. Gegens\u00e4tze die erforderlich sind, um in der pers\u00f6nlichen Entwicklung ein gr\u00f6\u00dft m\u00f6gliches Ma\u00df an Vollkommenheit zu erreichen. Abgerundet wird das Logo durch die Abbildung des meditierenden M\u00f6nch Bodhidharma. Er gilt als der Urvater der chinesischen Kampfk\u00fcnste. Er lehrte den Kampf als erg\u00e4nzende Disziplin zum Erreichen der Erleuchtung.<br \/>\nUmschlossen wird die Grafik unseres Logos mit dem Namen und Schriftzug unseres Vereins: <strong>Budo-Do-Tameshi Darmstadt e.V.<\/strong><\/p>\n<p>Budo setzt sich zusammen aus <strong>Bu<\/strong> der Kampf und <strong>do<\/strong> der Weg. <strong>Budo<\/strong> steht als \u00fcbergeordneter Begriff f\u00fcr die asiatischen Kampfsportarten. <strong>Do<\/strong> f\u00fcr den Weg sie zu erlernen (Verschmelzung zwischen K\u00f6rper und Geist) und <strong>Tameshi<\/strong> steht f\u00fcr H\u00e4rte, Schlagkraft.<\/p>\n","protected":false},"excerpt":{"rendered":"<p>Das Logo unseres Vereins ist interessant und vielschichtig. Es basiert auf dem Kreis, als Symbol f\u00fcr das Streben nach Vollkommenheit. Im Mittelpunkt des Logos stehen die stilisierten Symbole f\u00fcr Jin und Jang. Die verwendeten Farben Rot und Blau sind unsere Vereinsfarben. Jin und Jang sind die Symbole f\u00fcr Gegens\u00e4tzlichkeit, Polarit\u00e4t, wie z.B. stark und schwach, [&hellip;]<\/p>\n","protected":false},"author":2,"featured_media":0,"parent":5,"menu_order":0,"comment_status":"closed","ping_status":"closed","template":"","meta":{"footnotes":""},"class_list":["post-1826","page","type-page","status-publish","hentry"],"_links":{"self":[{"href":"http:\/\/www.budo-do-tameshi.de\/cms\/wp-json\/wp\/v2\/pages\/1826","targetHints":{"allow":["GET"]}}],"collection":[{"href":"http:\/\/www.budo-do-tameshi.de\/cms\/wp-json\/wp\/v2\/pages"}],"about":[{"href":"http:\/\/www.budo-do-tameshi.de\/cms\/wp-json\/wp\/v2\/types\/page"}],"author":[{"embeddable":true,"href":"http:\/\/www.budo-do-tameshi.de\/cms\/wp-json\/wp\/v2\/users\/2"}],"replies":[{"embeddable":true,"href":"http:\/\/www.budo-do-tameshi.de\/cms\/wp-json\/wp\/v2\/comments?post=1826"}],"version-history":[{"count":8,"href":"http:\/\/www.budo-do-tameshi.de\/cms\/wp-json\/wp\/v2\/pages\/1826\/revisions"}],"predecessor-version":[{"id":8033,"href":"http:\/\/www.budo-do-tameshi.de\/cms\/wp-json\/wp\/v2\/pages\/1826\/revisions\/8033"}],"up":[{"embeddable":true,"href":"http:\/\/www.budo-do-tameshi.de\/cms\/wp-json\/wp\/v2\/pages\/5"}],"wp:attachment":[{"href":"http:\/\/www.budo-do-tameshi.de\/cms\/wp-json\/wp\/v2\/media?parent=1826"}],"curies":[{"name":"wp","href":"https:\/\/api.w.org\/{rel}","templated":true}]}}