{"id":1437,"date":"2010-05-20T15:57:58","date_gmt":"2010-05-20T13:57:58","guid":{"rendered":"http:\/\/www.budo-do-tameshi.de\/cms\/?page_id=1437"},"modified":"2010-05-20T15:57:58","modified_gmt":"2010-05-20T13:57:58","slug":"challenge-serie-2010","status":"publish","type":"page","link":"http:\/\/www.budo-do-tameshi.de\/cms\/fotos\/challenge-serie-2010\/","title":{"rendered":"Challenge Serie 2010"},"content":{"rendered":"<p><em>Fotos: Michael Ihringer + Matthias Morche<\/em><\/p>\n<p><img src='http:\/\/www.budo-do-tameshi.de\/cms\/wp-content\/uploads\/2010\/03\/dsc_8666.jpg' alt='dsc_8666.jpg' \/><br \/>\nTeambesprechung<\/p>\n<p><img src='http:\/\/www.budo-do-tameshi.de\/cms\/wp-content\/uploads\/2010\/03\/dsc_8371.jpg' alt='dsc_8371.jpg' \/><br \/>\nLisa dehnt sich<\/p>\n<p><img src='http:\/\/www.budo-do-tameshi.de\/cms\/wp-content\/uploads\/2010\/03\/dsc_8774.jpg' alt='dsc_8774.jpg' \/><br \/>\nVladislav (rechts) mit Sidekick<\/p>\n<p><img src='http:\/\/www.budo-do-tameshi.de\/cms\/wp-content\/uploads\/2010\/03\/dsc_8787.jpg' alt='dsc_8787.jpg' \/><br \/>\nLauras (links) erster Wettkampf<\/p>\n<p><img src='http:\/\/www.budo-do-tameshi.de\/cms\/wp-content\/uploads\/2010\/03\/dsc_8831.jpg' alt='dsc_8831.jpg' \/><br \/>\nLisa (rechts) trifft mit der Faust<\/p>\n<p><img src='http:\/\/www.budo-do-tameshi.de\/cms\/wp-content\/uploads\/2010\/03\/dsc_8890.jpg' alt='dsc_8890.jpg' \/><br \/>\nLisa (rechts) mit Sidekick<\/p>\n<p><img src='http:\/\/www.budo-do-tameshi.de\/cms\/wp-content\/uploads\/2010\/03\/dsc_8975.jpg' alt='dsc_8975.jpg' \/><br \/>\nMelisa (links) trifft mit der Faust<\/p>\n<p><img src='http:\/\/www.budo-do-tameshi.de\/cms\/wp-content\/uploads\/2010\/03\/dsc_8982.jpg' alt='dsc_8982.jpg' \/><br \/>\nMelisa (rechts) mit Roundkick<\/p>\n<p><img src='http:\/\/www.budo-do-tameshi.de\/cms\/wp-content\/uploads\/2010\/03\/dsc_9184.jpg' alt='dsc_9184.jpg' \/><br \/>\nAnna-Lena (links) trifft zum K\u00f6rper<\/p>\n<p><img src='http:\/\/www.budo-do-tameshi.de\/cms\/wp-content\/uploads\/2010\/03\/dsc_9037.jpg' alt='dsc_9037.jpg' \/><br \/>\nAnna-Lena Kuhn (rechts) siegt souver\u00e4n in der Klasse bis 155cm<\/p>\n<p><img src='http:\/\/www.budo-do-tameshi.de\/cms\/wp-content\/uploads\/2010\/03\/p3073915.jpg' alt='p3073915.jpg' \/><br \/>\nMohamed (rechts) gewinnt die Klasse bis 85 Kg<\/p>\n<p><img src='http:\/\/www.budo-do-tameshi.de\/cms\/wp-content\/uploads\/2010\/03\/p3073971.jpg' alt='p3073971.jpg' \/><br \/>\nMichael (rechts) mit gutem Konter<\/p>\n<p><img src='http:\/\/www.budo-do-tameshi.de\/cms\/wp-content\/uploads\/2010\/03\/dsc_8675.jpg' alt='dsc_8675.jpg' \/><br \/>\nErfolgreiches BDT Team \u00e2\u20ac\u201c 7 x Gold, 5 x Silber, 6 x Bronze, drei 4. Pl\u00e4tze, vier 5. Pl\u00e4tze, ein 6. und drei 7. Pl\u00e4tze.   <\/p>\n","protected":false},"excerpt":{"rendered":"<p>Fotos: Michael Ihringer + Matthias Morche Teambesprechung Lisa dehnt sich Vladislav (rechts) mit Sidekick Lauras (links) erster Wettkampf Lisa (rechts) trifft mit der Faust Lisa (rechts) mit Sidekick Melisa (links) trifft mit der Faust Melisa (rechts) mit Roundkick Anna-Lena (links) trifft zum K\u00f6rper Anna-Lena Kuhn (rechts) siegt souver\u00e4n in der Klasse bis 155cm Mohamed (rechts) [&hellip;]<\/p>\n","protected":false},"author":2,"featured_media":0,"parent":94,"menu_order":0,"comment_status":"closed","ping_status":"closed","template":"","meta":{"footnotes":""},"class_list":["post-1437","page","type-page","status-publish","hentry"],"_links":{"self":[{"href":"http:\/\/www.budo-do-tameshi.de\/cms\/wp-json\/wp\/v2\/pages\/1437","targetHints":{"allow":["GET"]}}],"collection":[{"href":"http:\/\/www.budo-do-tameshi.de\/cms\/wp-json\/wp\/v2\/pages"}],"about":[{"href":"http:\/\/www.budo-do-tameshi.de\/cms\/wp-json\/wp\/v2\/types\/page"}],"author":[{"embeddable":true,"href":"http:\/\/www.budo-do-tameshi.de\/cms\/wp-json\/wp\/v2\/users\/2"}],"replies":[{"embeddable":true,"href":"http:\/\/www.budo-do-tameshi.de\/cms\/wp-json\/wp\/v2\/comments?post=1437"}],"version-history":[{"count":0,"href":"http:\/\/www.budo-do-tameshi.de\/cms\/wp-json\/wp\/v2\/pages\/1437\/revisions"}],"up":[{"embeddable":true,"href":"http:\/\/www.budo-do-tameshi.de\/cms\/wp-json\/wp\/v2\/pages\/94"}],"wp:attachment":[{"href":"http:\/\/www.budo-do-tameshi.de\/cms\/wp-json\/wp\/v2\/media?parent=1437"}],"curies":[{"name":"wp","href":"https:\/\/api.w.org\/{rel}","templated":true}]}}