{"id":1325,"date":"2009-12-08T13:22:59","date_gmt":"2009-12-08T11:22:59","guid":{"rendered":"http:\/\/www.budo-do-tameshi.de\/cms\/?page_id=1325"},"modified":"2009-12-08T13:22:59","modified_gmt":"2009-12-08T11:22:59","slug":"kinderturnier-2009","status":"publish","type":"page","link":"http:\/\/www.budo-do-tameshi.de\/cms\/fotos\/kinderturnier-2009\/","title":{"rendered":"Kinderturnier 2009"},"content":{"rendered":"<p><em>Fotos: Michael Ihring + Nico Siebeck<\/em><\/p>\n<p><img src='http:\/\/www.budo-do-tameshi.de\/cms\/wp-content\/uploads\/2009\/12\/dsc_7769.jpg' alt='dsc_7769.jpg' \/><br \/>\nSiegreiche K\u00e4mpfer<\/p>\n<p><img src='http:\/\/www.budo-do-tameshi.de\/cms\/wp-content\/uploads\/2009\/12\/dsc_7768.jpg' alt='dsc_7768.jpg' \/><br \/>\nErfolgreiches Team + Trainer, Kampfrichter und Helfer <\/p>\n<p><img src='http:\/\/www.budo-do-tameshi.de\/cms\/wp-content\/uploads\/2009\/12\/dsc_7100.jpg' alt='dsc_7100.jpg' \/><br \/>\nBesprechung mit den K\u00e4mpfern<\/p>\n<p><img src='http:\/\/www.budo-do-tameshi.de\/cms\/wp-content\/uploads\/2009\/12\/dsc_7110.jpg' alt='dsc_7110.jpg' \/><br \/>\nStudieren der Kampflisten<\/p>\n<p><img src='http:\/\/www.budo-do-tameshi.de\/cms\/wp-content\/uploads\/2009\/12\/dsc_7132.jpg' alt='dsc_7132.jpg' \/><br \/>\nSarah &#8211; Aufw\u00e4rmen am Sandsack<\/p>\n<p><img src='http:\/\/www.budo-do-tameshi.de\/cms\/wp-content\/uploads\/2009\/12\/dsc_7139.jpg' alt='dsc_7139.jpg' \/><br \/>\nNikita &#8211; Aufw\u00e4rmen am Sandsack<\/p>\n<p><img src='http:\/\/www.budo-do-tameshi.de\/cms\/wp-content\/uploads\/2009\/12\/183.jpg' alt='183.jpg' \/><br \/>\nViktor (links) + Constantin<\/p>\n<p><img src='http:\/\/www.budo-do-tameshi.de\/cms\/wp-content\/uploads\/2009\/12\/dsc_7163.jpg' alt='dsc_7163.jpg' \/><br \/>\nYuma (links) + Sascha<\/p>\n<p><img src='http:\/\/www.budo-do-tameshi.de\/cms\/wp-content\/uploads\/2009\/12\/dsc_7226.jpg' alt='dsc_7226.jpg' \/><br \/>\nLisa (links) + Laura<\/p>\n<p><img src='http:\/\/www.budo-do-tameshi.de\/cms\/wp-content\/uploads\/2009\/12\/dsc_7282.jpg' alt='dsc_7282.jpg' \/><br \/>\nChristina (links) + Sarah<\/p>\n<p><img src='http:\/\/www.budo-do-tameshi.de\/cms\/wp-content\/uploads\/2009\/12\/dsc_7322.jpg' alt='dsc_7322.jpg' \/><br \/>\nMelisa (links) + Hanane<\/p>\n<p><img src='http:\/\/www.budo-do-tameshi.de\/cms\/wp-content\/uploads\/2009\/12\/dsc_7430.jpg' alt='dsc_7430.jpg' \/><br \/>\nJosephine + Katharina<\/p>\n<p><img src='http:\/\/www.budo-do-tameshi.de\/cms\/wp-content\/uploads\/2009\/12\/dsc_7514.jpg' alt='dsc_7514.jpg' \/><br \/>\nJasmine + Chymae<\/p>\n<p><img src='http:\/\/www.budo-do-tameshi.de\/cms\/wp-content\/uploads\/2009\/12\/dsc_7563.jpg' alt='dsc_7563.jpg' \/><br \/>\nAnna-Lena<\/p>\n<p><img src='http:\/\/www.budo-do-tameshi.de\/cms\/wp-content\/uploads\/2009\/12\/dsc_7582.jpg' alt='dsc_7582.jpg' \/><br \/>\nNikita<\/p>\n<p><img src='http:\/\/www.budo-do-tameshi.de\/cms\/wp-content\/uploads\/2009\/12\/dsc_7589.jpg' alt='dsc_7589.jpg' \/><br \/>\nVladislav<\/p>\n<p><img src='http:\/\/www.budo-do-tameshi.de\/cms\/wp-content\/uploads\/2009\/12\/dsc_7735.jpg' alt='dsc_7735.jpg' \/><br \/>\nEhrung f\u00fcr Cemre + Hasan<\/p>\n<p><img src='http:\/\/www.budo-do-tameshi.de\/cms\/wp-content\/uploads\/2009\/12\/dsc_7743.jpg' alt='dsc_7743.jpg' \/><br \/>\nEhrung f\u00fcr Matthias<\/p>\n<p><img src='http:\/\/www.budo-do-tameshi.de\/cms\/wp-content\/uploads\/2009\/12\/343.jpg' alt='343.jpg' \/><br \/>\nKampfrichter + K\u00e4mpfer in Aktion<br \/>\n(von links) Tobias, Yuma, Vladislav, Nikita + Matthias<\/p>\n","protected":false},"excerpt":{"rendered":"<p>Fotos: Michael Ihring + Nico Siebeck Siegreiche K\u00e4mpfer Erfolgreiches Team + Trainer, Kampfrichter und Helfer Besprechung mit den K\u00e4mpfern Studieren der Kampflisten Sarah &#8211; Aufw\u00e4rmen am Sandsack Nikita &#8211; Aufw\u00e4rmen am Sandsack Viktor (links) + Constantin Yuma (links) + Sascha Lisa (links) + Laura Christina (links) + Sarah Melisa (links) + Hanane Josephine + Katharina [&hellip;]<\/p>\n","protected":false},"author":2,"featured_media":0,"parent":94,"menu_order":0,"comment_status":"closed","ping_status":"closed","template":"","meta":{"footnotes":""},"class_list":["post-1325","page","type-page","status-publish","hentry"],"_links":{"self":[{"href":"http:\/\/www.budo-do-tameshi.de\/cms\/wp-json\/wp\/v2\/pages\/1325","targetHints":{"allow":["GET"]}}],"collection":[{"href":"http:\/\/www.budo-do-tameshi.de\/cms\/wp-json\/wp\/v2\/pages"}],"about":[{"href":"http:\/\/www.budo-do-tameshi.de\/cms\/wp-json\/wp\/v2\/types\/page"}],"author":[{"embeddable":true,"href":"http:\/\/www.budo-do-tameshi.de\/cms\/wp-json\/wp\/v2\/users\/2"}],"replies":[{"embeddable":true,"href":"http:\/\/www.budo-do-tameshi.de\/cms\/wp-json\/wp\/v2\/comments?post=1325"}],"version-history":[{"count":0,"href":"http:\/\/www.budo-do-tameshi.de\/cms\/wp-json\/wp\/v2\/pages\/1325\/revisions"}],"up":[{"embeddable":true,"href":"http:\/\/www.budo-do-tameshi.de\/cms\/wp-json\/wp\/v2\/pages\/94"}],"wp:attachment":[{"href":"http:\/\/www.budo-do-tameshi.de\/cms\/wp-json\/wp\/v2\/media?parent=1325"}],"curies":[{"name":"wp","href":"https:\/\/api.w.org\/{rel}","templated":true}]}}