{"id":13,"date":"2007-06-21T11:11:04","date_gmt":"2007-06-21T09:11:04","guid":{"rendered":"http:\/\/www.budo-do-tameshi.de\/cms\/?page_id=13"},"modified":"2023-12-21T18:51:42","modified_gmt":"2023-12-21T17:51:42","slug":"impressum","status":"publish","type":"page","link":"http:\/\/www.budo-do-tameshi.de\/cms\/impressum\/","title":{"rendered":"Impressum"},"content":{"rendered":"<p><strong>Budo-Do-Tameshi e.V.<\/strong><br \/>\nGesch\u00e4ftsstelle<br \/>\nJimmy Iwinski<br \/>\nKastanienallee 24a<br \/>\n64289 Darmstadt<br \/>\nFon: 06151-977785<br \/>\nFax: 06151-977781<br \/>\nE-Mail: <a href=\"mailto:info@budo-do-tameshi.de\">info@budo-do-tameshi.de<\/a><\/p>\n<p>Vertretungsberechtigter Vorstand:<br \/>\nJimmy Iwinksi (1. Vorsitzender)<br \/>\nOliver Hahl (2. Vorsitzender)<br \/>\nEmmanoel Konstantinidis (Schatzmeister)<\/p>\n<p>Registergericht: Amtsgericht Darmstadt<br \/>\nRegisternummer: VR 2848<\/p>\n<p>Inhaltlich Verantwortlicher gem\u00e4\u00df \u00c2\u00a7 6 MDStV: Jimmy Iwinski<\/p>\n<p><strong>Urheberrecht, Haftung, Verantwortung:<\/strong><br \/>\nDas Layout der Budo-Do-Tameshi e.V. Website und die verwendeten Bilder und Grafiken sind urheberrechtlich gesch\u00fctzt. Die Seiten d\u00fcrfen nur zum privaten Gebrauch vervielf\u00e4ltigt, \u00c4nderungen nicht vorgenommen und Vervielf\u00e4ltigungsst\u00fccke weder verbreitet noch zu \u00f6ffentlichen Wiedergaben benutzt werden. Die einzelnen Beitr\u00e4ge sind ebenfalls urheberrechtlich gesch\u00fctzt. Alle Informationen auf diesen Seiten erfolgen ohne Gew\u00e4hr f\u00fcr ihre Richtigkeit. In keinem Fall wird f\u00fcr Sch\u00e4den, die sich aus der Verwendung der abgerufenen Informationen ergeben, eine Haftung \u00fcbernommen.<br \/>\nDie auf dieser Website erw\u00e4hnten Firmen und Produktbezeichnungen sind in den meisten F\u00e4llen auch eingetragene Warenzeichen und unterliegen als solche den gesetzlichen Bestimmungen.<\/p>\n<p><strong>Haftungshinweis:<\/strong><br \/>\nTrotz sorgf\u00e4ltiger inhaltlicher Kontrolle \u00fcbernehmen wir keine Haftung f\u00fcr die Inhalte externer Links. F\u00fcr den Inhalt der verlinkten Seiten sind ausschlie\u00dflich deren Betreiber verantwortlich.<\/p>\n<p><strong>Datenschtuz \/ Google Analytics:<\/strong><br \/>\nDiese Website benutzt Google Analytics, einen Webanalysedienst der Google Inc. (Google). Google Analytics verwendet sog. Cookies Textdateien, die auf Ihrem Computer gespeichert werden und die eine Analyse der Benutzung der Website durch Sie erm\u00f6glichen. Die durch den Cookie erzeugten Informationen \u00fcber Ihre Benutzung dieser Website (einschlie\u00dflich Ihrer IP-Adresse) wird an einen Server von Google in den USA \u00fcbertragen und dort gespeichert. Google wird diese Informationen benutzen, um Ihre Nutzung der Website auszuwerten, um Reports \u00fcber die Websiteaktivit\u00e4ten f\u00fcr die Websitebetreiber zusammenzustellen und um weitere mit der Websitenutzung und der Internetnutzung verbundene Dienstleistungen zu erbringen. Auch wird Google diese Informationen gegebenenfalls an Dritte \u00fcbertragen, sofern dies gesetzlich vorgeschrieben oder soweit Dritte diese Daten im Auftrag von Google verarbeiten. Google wird in keinem Fall Ihre IP-Adresse mit anderen Daten von Google in Verbindung bringen. Sie k\u00f6nnen die Installation der Cookies durch eine entsprechende Einstellung Ihrer Browser Software verhindern; wir weisen Sie jedoch darauf hin, dass Sie in diesem Fall gegebenenfalls nicht s\u00e4mtliche Funktionen dieser Website vollumf\u00e4nglich nutzen k\u00f6nnen. Durch die Nutzung dieser Website erkl\u00e4ren Sie sich mit der Bearbeitung der \u00fcber Sie erhobenen Daten durch Google in der zuvor beschriebenen Art und Weise und zu dem zuvor benannten Zweck einverstanden.<\/p>\n<p><strong>Fotos:<\/strong><br \/>\nBernd Preu\u00df<br \/>\nStefan Dintelmann<br \/>\nVereins- &amp; Privatarchiv<\/p>\n<p><strong>Layout &amp; Umsetzung:<\/strong><br \/>\nhelllicht medien GmbH<br \/>\n<a href=\"http:\/\/www.helllicht.com\">www.helllicht.com<\/a><\/p>\n","protected":false},"excerpt":{"rendered":"<p>Budo-Do-Tameshi e.V. Gesch\u00e4ftsstelle Jimmy Iwinski Kastanienallee 24a 64289 Darmstadt Fon: 06151-977785 Fax: 06151-977781 E-Mail: info@budo-do-tameshi.de Vertretungsberechtigter Vorstand: Jimmy Iwinksi (1. Vorsitzender) Oliver Hahl (2. Vorsitzender) Emmanoel Konstantinidis (Schatzmeister) Registergericht: Amtsgericht Darmstadt Registernummer: VR 2848 Inhaltlich Verantwortlicher gem\u00e4\u00df \u00c2\u00a7 6 MDStV: Jimmy Iwinski Urheberrecht, Haftung, Verantwortung: Das Layout der Budo-Do-Tameshi e.V. Website und die verwendeten Bilder [&hellip;]<\/p>\n","protected":false},"author":2,"featured_media":0,"parent":0,"menu_order":10,"comment_status":"open","ping_status":"open","template":"","meta":{"footnotes":""},"class_list":["post-13","page","type-page","status-publish","hentry"],"_links":{"self":[{"href":"http:\/\/www.budo-do-tameshi.de\/cms\/wp-json\/wp\/v2\/pages\/13","targetHints":{"allow":["GET"]}}],"collection":[{"href":"http:\/\/www.budo-do-tameshi.de\/cms\/wp-json\/wp\/v2\/pages"}],"about":[{"href":"http:\/\/www.budo-do-tameshi.de\/cms\/wp-json\/wp\/v2\/types\/page"}],"author":[{"embeddable":true,"href":"http:\/\/www.budo-do-tameshi.de\/cms\/wp-json\/wp\/v2\/users\/2"}],"replies":[{"embeddable":true,"href":"http:\/\/www.budo-do-tameshi.de\/cms\/wp-json\/wp\/v2\/comments?post=13"}],"version-history":[{"count":10,"href":"http:\/\/www.budo-do-tameshi.de\/cms\/wp-json\/wp\/v2\/pages\/13\/revisions"}],"predecessor-version":[{"id":8041,"href":"http:\/\/www.budo-do-tameshi.de\/cms\/wp-json\/wp\/v2\/pages\/13\/revisions\/8041"}],"wp:attachment":[{"href":"http:\/\/www.budo-do-tameshi.de\/cms\/wp-json\/wp\/v2\/media?parent=13"}],"curies":[{"name":"wp","href":"https:\/\/api.w.org\/{rel}","templated":true}]}}