{"id":1015,"date":"2008-08-17T17:26:58","date_gmt":"2008-08-17T15:26:58","guid":{"rendered":"http:\/\/www.budo-do-tameshi.de\/cms\/?page_id=1015"},"modified":"2008-08-24T19:12:04","modified_gmt":"2008-08-24T17:12:04","slug":"sommercamp-2008","status":"publish","type":"page","link":"http:\/\/www.budo-do-tameshi.de\/cms\/fotos\/sommercamp-2008\/","title":{"rendered":"Sommercamp 2008"},"content":{"rendered":"<p><img decoding=\"async\" src=\"http:\/\/www.budo-do-tameshi.de\/cms\/wp-content\/uploads\/2008\/08\/sc08_p8021941.jpg\" alt=\"sc08_p8021941.jpg\" \/><br \/>\nBDT Team f\u00fcrs Sommercamp 2008 (v.l.) Julia, Yamile, Ilka, Jennifer, Thorsten, Jessica, Jimmy, Annette, Robert, Michael, Erik, (liegend) Matthias<br \/>\n<!--- neu ---><\/p>\n<p><img decoding=\"async\" src=\"http:\/\/www.budo-do-tameshi.de\/cms\/wp-content\/uploads\/2008\/08\/sc08_img_0157.jpg\" alt=\"sc08_img_0157.jpg\" \/><br \/>\nFertig machen zum Training&#8230;<\/p>\n<p><img decoding=\"async\" src=\"http:\/\/www.budo-do-tameshi.de\/cms\/wp-content\/uploads\/2008\/08\/sc08_img_0204.jpg\" alt=\"sc08_img_0204.jpg\" \/><br \/>\nBegr\u00fc\u00dfung zur 1. Trainingseinheit&#8230;<\/p>\n<p><img decoding=\"async\" src=\"http:\/\/www.budo-do-tameshi.de\/cms\/wp-content\/uploads\/2008\/08\/sc08_img_0209.jpg\" alt=\"sc08_img_0209.jpg\" \/><br \/>\nAufw\u00e4rmen<\/p>\n<p><img decoding=\"async\" src=\"http:\/\/www.budo-do-tameshi.de\/cms\/wp-content\/uploads\/2008\/08\/sc08_img_0193.jpg\" alt=\"sc08_img_0193.jpg\" \/><br \/>\nFerdinand demonstriert&#8230;<\/p>\n<p><img decoding=\"async\" src=\"http:\/\/www.budo-do-tameshi.de\/cms\/wp-content\/uploads\/2008\/08\/sc08_img_0190.jpg\" alt=\"sc08_img_0190.jpg\" \/><br \/>\nMatthias, Yamile + Jessica h\u00f6ren zu&#8230;<\/p>\n<p><img decoding=\"async\" src=\"http:\/\/www.budo-do-tameshi.de\/cms\/wp-content\/uploads\/2008\/08\/sc08_img_0182.jpg\" alt=\"sc08_img_0182.jpg\" \/><br \/>\n(v.l.) Julia + Ilka<\/p>\n<p><img decoding=\"async\" src=\"http:\/\/www.budo-do-tameshi.de\/cms\/wp-content\/uploads\/2008\/08\/sc08_img_0180.jpg\" alt=\"sc08_img_0180.jpg\" \/><br \/>\n(v.l.) Jennifer + Jimmy<\/p>\n<p><!--- ende neu ---><\/p>\n<p><img decoding=\"async\" src=\"http:\/\/www.budo-do-tameshi.de\/cms\/wp-content\/uploads\/2008\/08\/sc08_p8031999.jpg\" alt=\"sc08_p8031999.jpg\" \/><br \/>\nErik (rechts)<\/p>\n<p><img decoding=\"async\" src=\"http:\/\/www.budo-do-tameshi.de\/cms\/wp-content\/uploads\/2008\/08\/sc08_p8031989.jpg\" alt=\"sc08_p8031989.jpg\" \/><br \/>\nYamile (links)<\/p>\n<p><img decoding=\"async\" src=\"http:\/\/www.budo-do-tameshi.de\/cms\/wp-content\/uploads\/2008\/08\/sc08_p8031949.jpg\" alt=\"sc08_p8031949.jpg\" \/><br \/>\nRobert (links)<\/p>\n<p><img decoding=\"async\" src=\"http:\/\/www.budo-do-tameshi.de\/cms\/wp-content\/uploads\/2008\/08\/sc08_p8031967.jpg\" alt=\"sc08_p8031967.jpg\" \/><br \/>\nMatthias (rechts)<\/p>\n<p><img decoding=\"async\" src=\"http:\/\/www.budo-do-tameshi.de\/cms\/wp-content\/uploads\/2008\/08\/sc08_p8031974.jpg\" alt=\"sc08_p8031974.jpg\" \/><br \/>\nJessica (rechts)<\/p>\n<p><img decoding=\"async\" src=\"http:\/\/www.budo-do-tameshi.de\/cms\/wp-content\/uploads\/2008\/08\/sc08_p8031985.jpg\" alt=\"sc08_p8031985.jpg\" \/><br \/>\nJimmy + Jessica<\/p>\n<p><img decoding=\"async\" src=\"http:\/\/www.budo-do-tameshi.de\/cms\/wp-content\/uploads\/2008\/08\/sc08_p8032165.jpg\" alt=\"sc08_p8032165.jpg\" \/><br \/>\nPause\u00e2\u20ac\u00a6(v.l.) Ilka, Jennifer, Erik<\/p>\n<p><img decoding=\"async\" src=\"http:\/\/www.budo-do-tameshi.de\/cms\/wp-content\/uploads\/2008\/08\/sc08_p8032037.jpg\" alt=\"sc08_p8032037.jpg\" \/><br \/>\nMatthias (links)<\/p>\n<p><img decoding=\"async\" src=\"http:\/\/www.budo-do-tameshi.de\/cms\/wp-content\/uploads\/2008\/08\/sc08_p8032109.jpg\" alt=\"sc08_p8032109.jpg\" \/><br \/>\nErik (rechts)<\/p>\n<p><img decoding=\"async\" src=\"http:\/\/www.budo-do-tameshi.de\/cms\/wp-content\/uploads\/2008\/08\/sc08_p8032181.jpg\" alt=\"sc08_p8032181.jpg\" \/><br \/>\n(v.l.) Erik + Robert<\/p>\n<p><img decoding=\"async\" src=\"http:\/\/www.budo-do-tameshi.de\/cms\/wp-content\/uploads\/2008\/08\/sc08_img_0306.jpg\" alt=\"sc08_img_0306.jpg\" \/><br \/>\nSie bekommen nicht genug&#8230;&#8230; (v.l.) Robert + Erik<\/p>\n<p><img decoding=\"async\" src=\"http:\/\/www.budo-do-tameshi.de\/cms\/wp-content\/uploads\/2008\/08\/sc08_img_0289.jpg\" alt=\"sc08_img_0289.jpg\" \/><br \/>\nSt\u00e4rkung nach dem Training&#8230;.<\/p>\n<p><img decoding=\"async\" src=\"http:\/\/www.budo-do-tameshi.de\/cms\/wp-content\/uploads\/2008\/08\/sc08_img_0272.jpg\" alt=\"sc08_img_0272.jpg\" \/><br \/>\nNach dem letzten Training\u00e2\u20ac\u00a6.<br \/>\nBDT Team mit Ferdinand Mack + Bernd Reichenbach<\/p>\n<p>Fotos: Bernd Preu\u00df + Matthias Morche<\/p>\n","protected":false},"excerpt":{"rendered":"<p>BDT Team f\u00fcrs Sommercamp 2008 (v.l.) Julia, Yamile, Ilka, Jennifer, Thorsten, Jessica, Jimmy, Annette, Robert, Michael, Erik, (liegend) Matthias Fertig machen zum Training&#8230; Begr\u00fc\u00dfung zur 1. Trainingseinheit&#8230; Aufw\u00e4rmen Ferdinand demonstriert&#8230; Matthias, Yamile + Jessica h\u00f6ren zu&#8230; (v.l.) Julia + Ilka (v.l.) Jennifer + Jimmy Erik (rechts) Yamile (links) Robert (links) Matthias (rechts) Jessica (rechts) Jimmy [&hellip;]<\/p>\n","protected":false},"author":2,"featured_media":0,"parent":94,"menu_order":0,"comment_status":"closed","ping_status":"closed","template":"","meta":{"footnotes":""},"class_list":["post-1015","page","type-page","status-publish","hentry"],"_links":{"self":[{"href":"http:\/\/www.budo-do-tameshi.de\/cms\/wp-json\/wp\/v2\/pages\/1015","targetHints":{"allow":["GET"]}}],"collection":[{"href":"http:\/\/www.budo-do-tameshi.de\/cms\/wp-json\/wp\/v2\/pages"}],"about":[{"href":"http:\/\/www.budo-do-tameshi.de\/cms\/wp-json\/wp\/v2\/types\/page"}],"author":[{"embeddable":true,"href":"http:\/\/www.budo-do-tameshi.de\/cms\/wp-json\/wp\/v2\/users\/2"}],"replies":[{"embeddable":true,"href":"http:\/\/www.budo-do-tameshi.de\/cms\/wp-json\/wp\/v2\/comments?post=1015"}],"version-history":[{"count":0,"href":"http:\/\/www.budo-do-tameshi.de\/cms\/wp-json\/wp\/v2\/pages\/1015\/revisions"}],"up":[{"embeddable":true,"href":"http:\/\/www.budo-do-tameshi.de\/cms\/wp-json\/wp\/v2\/pages\/94"}],"wp:attachment":[{"href":"http:\/\/www.budo-do-tameshi.de\/cms\/wp-json\/wp\/v2\/media?parent=1015"}],"curies":[{"name":"wp","href":"https:\/\/api.w.org\/{rel}","templated":true}]}}